{"id":6039,"date":"2024-02-05T10:24:04","date_gmt":"2024-02-05T09:24:04","guid":{"rendered":"https:\/\/adhotelskaoprema.com\/proizvod\/susilo-za-ruke-a-sivo\/"},"modified":"2024-02-05T10:24:05","modified_gmt":"2024-02-05T09:24:05","slug":"susilo-za-ruke-a-sivo","status":"publish","type":"product","link":"https:\/\/adhotelskaoprema.com\/en\/proizvod\/susilo-za-ruke-a-sivo\/","title":{"rendered":"SU\u0160ILO ZA RUKE &#8211; A &#8211; SIVO"},"content":{"rendered":"<p>Automatsko su\u0161ilo za ruke s prisilnim protokom zraka, s posudom za prikupljanje vode od 600 mL i otpornikom za grijanje koji se mo\u017ee automatski aktivirati. Sive boje.<\/p>\n<p>Vrijeme su\u0161enja (s): 15-20s<br \/>\nMaterijal: ABS<br \/>\nBoja: Siva<br \/>\nJamstvo (u godinama): 2<br \/>\nGrija\u0107i element: Da<br \/>\nSnaga (W): 1400<br \/>\nNapon: 230V<br \/>\nFrekvencija (Hz): 50<br \/>\nRazina buke (dB) (1 m ispred ure\u0111aja): 77<br \/>\nFilter: filter zraka<br \/>\nZa\u0161ti\u0107eno od vandala: Da<br \/>\nOsvjetljenje zone su\u0161enja: Da<br \/>\nVisina (mm) : 467 \u0160irina (mm) : 250 Dubina (mm) : 165<\/p>\n<p>Rok isporuke 7-14 dana.<\/p>\n","protected":false},"excerpt":{"rendered":"<p>Automatsko su\u0161ilo za ruke s prisilnim protokom zraka, s posudom za prikupljanje vode od 600 mL i otpornikom za grijanje koji se mo\u017ee automatski aktivirati. Sive boje. Vrijeme su\u0161enja (s): 15-20s Materijal: ABS Boja: Siva Jamstvo (u godinama): 2 Grija\u0107i element: Da Snaga (W): 1400 Napon: 230V Frekvencija (Hz): 50 Razina buke (dB) (1 m [&hellip;]<\/p>\n","protected":false},"featured_media":1182,"template":"","meta":{"_acf_changed":false},"product_brand":[],"product_cat":[65],"product_tag":[],"class_list":{"0":"post-6039","1":"product","2":"type-product","3":"status-publish","4":"has-post-thumbnail","6":"product_cat-susila-za-ruke","8":"first","9":"instock","10":"sale","11":"taxable","12":"shipping-taxable","13":"purchasable","14":"product-type-simple"},"acf":[],"_links":{"self":[{"href":"https:\/\/adhotelskaoprema.com\/en\/wp-json\/wp\/v2\/product\/6039","targetHints":{"allow":["GET"]}}],"collection":[{"href":"https:\/\/adhotelskaoprema.com\/en\/wp-json\/wp\/v2\/product"}],"about":[{"href":"https:\/\/adhotelskaoprema.com\/en\/wp-json\/wp\/v2\/types\/product"}],"wp:featuredmedia":[{"embeddable":true,"href":"https:\/\/adhotelskaoprema.com\/en\/wp-json\/wp\/v2\/media\/1182"}],"wp:attachment":[{"href":"https:\/\/adhotelskaoprema.com\/en\/wp-json\/wp\/v2\/media?parent=6039"}],"wp:term":[{"taxonomy":"product_brand","embeddable":true,"href":"https:\/\/adhotelskaoprema.com\/en\/wp-json\/wp\/v2\/product_brand?post=6039"},{"taxonomy":"product_cat","embeddable":true,"href":"https:\/\/adhotelskaoprema.com\/en\/wp-json\/wp\/v2\/product_cat?post=6039"},{"taxonomy":"product_tag","embeddable":true,"href":"https:\/\/adhotelskaoprema.com\/en\/wp-json\/wp\/v2\/product_tag?post=6039"}],"curies":[{"name":"wp","href":"https:\/\/api.w.org\/{rel}","templated":true}]}}