{"id":6032,"date":"2024-02-05T10:23:54","date_gmt":"2024-02-05T09:23:54","guid":{"rendered":"https:\/\/adhotelskaoprema.com\/proizvod\/susilo-za-ruke-o-automatic-crom\/"},"modified":"2024-02-05T10:23:59","modified_gmt":"2024-02-05T09:23:59","slug":"susilo-za-ruke-o-automatic-crom","status":"publish","type":"product","link":"https:\/\/adhotelskaoprema.com\/en\/proizvod\/susilo-za-ruke-o-automatic-crom\/","title":{"rendered":"SU\u0160ILO ZA RUKE &#8211; O AUTOMATIC &#8211; CROM"},"content":{"rendered":"<p>Kromirano automatsko su\u0161ilo za ruke s vru\u0107im zrakom s mlaznicom koja se okre\u0107e za 360\u00b0 i \u010deli\u010dnom poklopcem.<\/p>\n<p>Vrijeme su\u0161enja (s): 20-30s<br \/>\nMaterijal: \u010delik<br \/>\nBoja: Krom<br \/>\nJamstvo (u godinama): 2<br \/>\nGrija\u0107i element: Da<br \/>\nSnaga (W) : 2500<br \/>\nNapon: 220-240V<br \/>\nFrekvencija (Hz): 50<br \/>\nRazina zvuka (dB) (1 m ispred ure\u0111aja): 78<br \/>\nVisina (mm) : 240 \u0160irina (mm) : 267 Dubina (mm) : 200<\/p>\n<p>Rok isporuke 7-14 dana.<\/p>\n","protected":false},"excerpt":{"rendered":"<p>Kromirano automatsko su\u0161ilo za ruke s vru\u0107im zrakom s mlaznicom koja se okre\u0107e za 360\u00b0 i \u010deli\u010dnom poklopcem. Vrijeme su\u0161enja (s): 20-30s Materijal: \u010delik Boja: Krom Jamstvo (u godinama): 2 Grija\u0107i element: Da Snaga (W) : 2500 Napon: 220-240V Frekvencija (Hz): 50 Razina zvuka (dB) (1 m ispred ure\u0111aja): 78 Visina (mm) : 240 \u0160irina [&hellip;]<\/p>\n","protected":false},"featured_media":1168,"template":"","meta":{"_acf_changed":false},"product_brand":[],"product_cat":[65],"product_tag":[],"class_list":{"0":"post-6032","1":"product","2":"type-product","3":"status-publish","4":"has-post-thumbnail","6":"product_cat-susila-za-ruke","8":"first","9":"instock","10":"sale","11":"taxable","12":"shipping-taxable","13":"purchasable","14":"product-type-simple"},"acf":[],"_links":{"self":[{"href":"https:\/\/adhotelskaoprema.com\/en\/wp-json\/wp\/v2\/product\/6032","targetHints":{"allow":["GET"]}}],"collection":[{"href":"https:\/\/adhotelskaoprema.com\/en\/wp-json\/wp\/v2\/product"}],"about":[{"href":"https:\/\/adhotelskaoprema.com\/en\/wp-json\/wp\/v2\/types\/product"}],"wp:featuredmedia":[{"embeddable":true,"href":"https:\/\/adhotelskaoprema.com\/en\/wp-json\/wp\/v2\/media\/1168"}],"wp:attachment":[{"href":"https:\/\/adhotelskaoprema.com\/en\/wp-json\/wp\/v2\/media?parent=6032"}],"wp:term":[{"taxonomy":"product_brand","embeddable":true,"href":"https:\/\/adhotelskaoprema.com\/en\/wp-json\/wp\/v2\/product_brand?post=6032"},{"taxonomy":"product_cat","embeddable":true,"href":"https:\/\/adhotelskaoprema.com\/en\/wp-json\/wp\/v2\/product_cat?post=6032"},{"taxonomy":"product_tag","embeddable":true,"href":"https:\/\/adhotelskaoprema.com\/en\/wp-json\/wp\/v2\/product_tag?post=6032"}],"curies":[{"name":"wp","href":"https:\/\/api.w.org\/{rel}","templated":true}]}}