{"id":6030,"date":"2024-02-05T10:23:54","date_gmt":"2024-02-05T09:23:54","guid":{"rendered":"https:\/\/adhotelskaoprema.com\/proizvod\/susilo-za-ruke-t-composite\/"},"modified":"2024-02-05T10:23:58","modified_gmt":"2024-02-05T09:23:58","slug":"susilo-za-ruke-t-composite","status":"publish","type":"product","link":"https:\/\/adhotelskaoprema.com\/en\/proizvod\/susilo-za-ruke-t-composite\/","title":{"rendered":"SU\u0160ILO ZA RUKE &#8211; T COMPOSITE"},"content":{"rendered":"<p>Su\u0161ilo za ruke na topli zrak, bijele boje. Prikladan za intenzivnu upotrebu s indukcijskim motorom.<\/p>\n<p>Vrijeme su\u0161enja (s): 20-30s<br \/>\nMaterijal: ABS<br \/>\nBoja: Bijela<br \/>\nJamstvo (u godinama): 3<br \/>\nGrija\u0107i element: Da<br \/>\nSnaga (W) : 2000<br \/>\nNapon: 220-240V<br \/>\nFrekvencija (Hz): 50<br \/>\nKlasa za\u0161tite: Klasa II<br \/>\nStupanj za\u0161tite (IP): 23<br \/>\nRazina zvuka (dB) (1 m ispred ure\u0111aja): 70<br \/>\nOsvjetljenje zone su\u0161enja: Da<br \/>\nVisina (mm) : 302 \u0160irina (mm) : 265 Dubina (mm) : 140<\/p>\n<p>Rok isporuke 7-14 dana.<\/p>\n","protected":false},"excerpt":{"rendered":"<p>Su\u0161ilo za ruke na topli zrak, bijele boje. Prikladan za intenzivnu upotrebu s indukcijskim motorom. Vrijeme su\u0161enja (s): 20-30s Materijal: ABS Boja: Bijela Jamstvo (u godinama): 3 Grija\u0107i element: Da Snaga (W) : 2000 Napon: 220-240V Frekvencija (Hz): 50 Klasa za\u0161tite: Klasa II Stupanj za\u0161tite (IP): 23 Razina zvuka (dB) (1 m ispred ure\u0111aja): 70 [&hellip;]<\/p>\n","protected":false},"featured_media":1164,"template":"","meta":{"_acf_changed":false},"product_brand":[],"product_cat":[65],"product_tag":[],"class_list":{"0":"post-6030","1":"product","2":"type-product","3":"status-publish","4":"has-post-thumbnail","6":"product_cat-susila-za-ruke","8":"first","9":"instock","10":"sale","11":"taxable","12":"shipping-taxable","13":"purchasable","14":"product-type-simple"},"acf":[],"_links":{"self":[{"href":"https:\/\/adhotelskaoprema.com\/en\/wp-json\/wp\/v2\/product\/6030","targetHints":{"allow":["GET"]}}],"collection":[{"href":"https:\/\/adhotelskaoprema.com\/en\/wp-json\/wp\/v2\/product"}],"about":[{"href":"https:\/\/adhotelskaoprema.com\/en\/wp-json\/wp\/v2\/types\/product"}],"wp:featuredmedia":[{"embeddable":true,"href":"https:\/\/adhotelskaoprema.com\/en\/wp-json\/wp\/v2\/media\/1164"}],"wp:attachment":[{"href":"https:\/\/adhotelskaoprema.com\/en\/wp-json\/wp\/v2\/media?parent=6030"}],"wp:term":[{"taxonomy":"product_brand","embeddable":true,"href":"https:\/\/adhotelskaoprema.com\/en\/wp-json\/wp\/v2\/product_brand?post=6030"},{"taxonomy":"product_cat","embeddable":true,"href":"https:\/\/adhotelskaoprema.com\/en\/wp-json\/wp\/v2\/product_cat?post=6030"},{"taxonomy":"product_tag","embeddable":true,"href":"https:\/\/adhotelskaoprema.com\/en\/wp-json\/wp\/v2\/product_tag?post=6030"}],"curies":[{"name":"wp","href":"https:\/\/api.w.org\/{rel}","templated":true}]}}