{"id":6022,"date":"2024-02-05T10:23:54","date_gmt":"2024-02-05T09:23:54","guid":{"rendered":"https:\/\/adhotelskaoprema.com\/proizvod\/susilo-za-ruke-z-bio\/"},"modified":"2024-02-05T10:23:56","modified_gmt":"2024-02-05T09:23:56","slug":"susilo-za-ruke-z-bio","status":"publish","type":"product","link":"https:\/\/adhotelskaoprema.com\/en\/proizvod\/susilo-za-ruke-z-bio\/","title":{"rendered":"SU\u0160ILO ZA RUKE &#8211; Z &#8211; BIO"},"content":{"rendered":"<p>Bijelo su\u0161ilo za ruke izra\u0111eno od biomaterijala, su\u0161ilo za ruke vru\u0107im zrakom s prilagodljivim logotipom. <\/p>\n<p>Vrijeme su\u0161enja (s): 20-30s<br \/>\nMaterijal: bioplastika<br \/>\nBoja: Bijela<br \/>\nJamstvo (u godinama): 3<br \/>\nGrija\u0107i element: Da<br \/>\nNazivna snaga (W): 2100<br \/>\nNapon: 220-240V<br \/>\nFrekvencija (Hz): 50<br \/>\nRazina zvuka (dB) (1 m ispred ure\u0111aja): 69<br \/>\nOsvjetljenje zone su\u0161enja: Da<br \/>\nVisina (mm) : 243 \u0160irina (mm) : 210 Dubina (mm) : 195<\/p>\n<p>Rok isporuke 7 &#8211; 14 dana.<\/p>\n","protected":false},"excerpt":{"rendered":"<p>Bijelo su\u0161ilo za ruke izra\u0111eno od biomaterijala, su\u0161ilo za ruke vru\u0107im zrakom s prilagodljivim logotipom. Vrijeme su\u0161enja (s): 20-30s Materijal: bioplastika Boja: Bijela Jamstvo (u godinama): 3 Grija\u0107i element: Da Nazivna snaga (W): 2100 Napon: 220-240V Frekvencija (Hz): 50 Razina zvuka (dB) (1 m ispred ure\u0111aja): 69 Osvjetljenje zone su\u0161enja: Da Visina (mm) : 243 [&hellip;]<\/p>\n","protected":false},"featured_media":1148,"template":"","meta":{"_acf_changed":false},"product_brand":[],"product_cat":[65],"product_tag":[],"class_list":{"0":"post-6022","1":"product","2":"type-product","3":"status-publish","4":"has-post-thumbnail","6":"product_cat-susila-za-ruke","8":"first","9":"instock","10":"sale","11":"taxable","12":"shipping-taxable","13":"purchasable","14":"product-type-simple"},"acf":[],"_links":{"self":[{"href":"https:\/\/adhotelskaoprema.com\/en\/wp-json\/wp\/v2\/product\/6022","targetHints":{"allow":["GET"]}}],"collection":[{"href":"https:\/\/adhotelskaoprema.com\/en\/wp-json\/wp\/v2\/product"}],"about":[{"href":"https:\/\/adhotelskaoprema.com\/en\/wp-json\/wp\/v2\/types\/product"}],"wp:featuredmedia":[{"embeddable":true,"href":"https:\/\/adhotelskaoprema.com\/en\/wp-json\/wp\/v2\/media\/1148"}],"wp:attachment":[{"href":"https:\/\/adhotelskaoprema.com\/en\/wp-json\/wp\/v2\/media?parent=6022"}],"wp:term":[{"taxonomy":"product_brand","embeddable":true,"href":"https:\/\/adhotelskaoprema.com\/en\/wp-json\/wp\/v2\/product_brand?post=6022"},{"taxonomy":"product_cat","embeddable":true,"href":"https:\/\/adhotelskaoprema.com\/en\/wp-json\/wp\/v2\/product_cat?post=6022"},{"taxonomy":"product_tag","embeddable":true,"href":"https:\/\/adhotelskaoprema.com\/en\/wp-json\/wp\/v2\/product_tag?post=6022"}],"curies":[{"name":"wp","href":"https:\/\/api.w.org\/{rel}","templated":true}]}}