{"id":6016,"date":"2024-02-05T10:23:43","date_gmt":"2024-02-05T09:23:43","guid":{"rendered":"https:\/\/adhotelskaoprema.com\/proizvod\/susilo-za-ruke-c-hot-air\/"},"modified":"2024-02-05T10:23:50","modified_gmt":"2024-02-05T09:23:50","slug":"susilo-za-ruke-c-hot-air","status":"publish","type":"product","link":"https:\/\/adhotelskaoprema.com\/en\/proizvod\/susilo-za-ruke-c-hot-air\/","title":{"rendered":"SU\u0160ILO ZA RUKE C &#8211; HOT AIR"},"content":{"rendered":"<p>Su\u0161ilo za ruke bijelo, su\u0161enje vru\u0107im zrakom s ciklonskim efektom. Garancija 3 godine. <\/p>\n<p>65% ekonomi\u010dniji od konkurentskih modela<br \/>\n100% za\u0161tita od vandalizma: poklopac od aluminija ili nehr\u0111aju\u0107eg \u010delika<\/p>\n<p>Vrijeme su\u0161enja (s): 10-15s<br \/>\nMaterijal: Aluminij<br \/>\nBoja: Bijela<br \/>\nJamstvo (u godinama): 3<br \/>\nGrija\u0107i element: Da<br \/>\nSnaga (W): 1500<br \/>\nNapon: 220-240V<br \/>\nFrekvencija (Hz): 50<br \/>\nRazina zvuka (dB) (1 m ispred ure\u0111aja): 80<br \/>\nZa\u0161ti\u0107eno od vandala: Da<br \/>\nOsvjetljenje zone su\u0161enja: Da<br \/>\nVisina (mm) : 285 \u0160irina (mm) : 232 Dubina (mm) : 196<\/p>\n<p>Rok isporuke 7-14 dana.<\/p>\n","protected":false},"excerpt":{"rendered":"<p>Su\u0161ilo za ruke bijelo, su\u0161enje vru\u0107im zrakom s ciklonskim efektom. Garancija 3 godine. 65% ekonomi\u010dniji od konkurentskih modela 100% za\u0161tita od vandalizma: poklopac od aluminija ili nehr\u0111aju\u0107eg \u010delika Vrijeme su\u0161enja (s): 10-15s Materijal: Aluminij Boja: Bijela Jamstvo (u godinama): 3 Grija\u0107i element: Da Snaga (W): 1500 Napon: 220-240V Frekvencija (Hz): 50 Razina zvuka (dB) (1 [&hellip;]<\/p>\n","protected":false},"featured_media":1134,"template":"","meta":{"_acf_changed":false},"product_brand":[],"product_cat":[65],"product_tag":[],"class_list":{"0":"post-6016","1":"product","2":"type-product","3":"status-publish","4":"has-post-thumbnail","6":"product_cat-susila-za-ruke","8":"first","9":"instock","10":"sale","11":"taxable","12":"shipping-taxable","13":"purchasable","14":"product-type-simple"},"acf":[],"_links":{"self":[{"href":"https:\/\/adhotelskaoprema.com\/en\/wp-json\/wp\/v2\/product\/6016","targetHints":{"allow":["GET"]}}],"collection":[{"href":"https:\/\/adhotelskaoprema.com\/en\/wp-json\/wp\/v2\/product"}],"about":[{"href":"https:\/\/adhotelskaoprema.com\/en\/wp-json\/wp\/v2\/types\/product"}],"wp:featuredmedia":[{"embeddable":true,"href":"https:\/\/adhotelskaoprema.com\/en\/wp-json\/wp\/v2\/media\/1134"}],"wp:attachment":[{"href":"https:\/\/adhotelskaoprema.com\/en\/wp-json\/wp\/v2\/media?parent=6016"}],"wp:term":[{"taxonomy":"product_brand","embeddable":true,"href":"https:\/\/adhotelskaoprema.com\/en\/wp-json\/wp\/v2\/product_brand?post=6016"},{"taxonomy":"product_cat","embeddable":true,"href":"https:\/\/adhotelskaoprema.com\/en\/wp-json\/wp\/v2\/product_cat?post=6016"},{"taxonomy":"product_tag","embeddable":true,"href":"https:\/\/adhotelskaoprema.com\/en\/wp-json\/wp\/v2\/product_tag?post=6016"}],"curies":[{"name":"wp","href":"https:\/\/api.w.org\/{rel}","templated":true}]}}