{"id":6015,"date":"2024-02-05T10:23:43","date_gmt":"2024-02-05T09:23:43","guid":{"rendered":"https:\/\/adhotelskaoprema.com\/proizvod\/stalak-za-prtljagu-drveni-mahagonij\/"},"modified":"2025-02-27T10:49:54","modified_gmt":"2025-02-27T09:49:54","slug":"stalak-za-prtljagu-drveni-mahagonij","status":"publish","type":"product","link":"https:\/\/adhotelskaoprema.com\/en\/proizvod\/stalak-za-prtljagu-drveni-mahagonij\/","title":{"rendered":"Stalak za prtljagu, drveni, mahagonij"},"content":{"rendered":"<p>Stalak za prtljagu, mahagoni egzoti\u010dno drvo s 4 trake visoke otpornosti. Nosivost mu je 220 kg. Simetri\u010dan dizajn za izbjegavanje kontakta sa zidom.<\/p>\n<p>Materijal: drvo<br \/>\nBoja: mahagonij<br \/>\nBroj traka: 4<br \/>\nVisina (mm) : 518 \u0160irina (mm) : 632 Dubina (mm) : 558<\/p>\n<p>Rok isporuke 7-14 dana.<\/p>\n","protected":false},"excerpt":{"rendered":"<p>Stalak za prtljagu, mahagoni egzoti\u010dno drvo s 4 trake visoke otpornosti. Nosivost mu je 220 kg. Simetri\u010dan dizajn za izbjegavanje kontakta sa zidom. Materijal: drvo Boja: mahagonij Broj traka: 4 Visina (mm) : 518 \u0160irina (mm) : 632 Dubina (mm) : 558 Rok isporuke 7-14 dana.<\/p>\n","protected":false},"featured_media":1132,"template":"","meta":{"_acf_changed":false},"product_brand":[],"product_cat":[27],"product_tag":[],"class_list":{"0":"post-6015","1":"product","2":"type-product","3":"status-publish","4":"has-post-thumbnail","6":"product_cat-stalci-za-prtljagu","8":"first","9":"outofstock","10":"sale","11":"taxable","12":"shipping-taxable","13":"purchasable","14":"product-type-simple"},"acf":[],"_links":{"self":[{"href":"https:\/\/adhotelskaoprema.com\/en\/wp-json\/wp\/v2\/product\/6015","targetHints":{"allow":["GET"]}}],"collection":[{"href":"https:\/\/adhotelskaoprema.com\/en\/wp-json\/wp\/v2\/product"}],"about":[{"href":"https:\/\/adhotelskaoprema.com\/en\/wp-json\/wp\/v2\/types\/product"}],"wp:featuredmedia":[{"embeddable":true,"href":"https:\/\/adhotelskaoprema.com\/en\/wp-json\/wp\/v2\/media\/1132"}],"wp:attachment":[{"href":"https:\/\/adhotelskaoprema.com\/en\/wp-json\/wp\/v2\/media?parent=6015"}],"wp:term":[{"taxonomy":"product_brand","embeddable":true,"href":"https:\/\/adhotelskaoprema.com\/en\/wp-json\/wp\/v2\/product_brand?post=6015"},{"taxonomy":"product_cat","embeddable":true,"href":"https:\/\/adhotelskaoprema.com\/en\/wp-json\/wp\/v2\/product_cat?post=6015"},{"taxonomy":"product_tag","embeddable":true,"href":"https:\/\/adhotelskaoprema.com\/en\/wp-json\/wp\/v2\/product_tag?post=6015"}],"curies":[{"name":"wp","href":"https:\/\/api.w.org\/{rel}","templated":true}]}}