{"id":6007,"date":"2024-02-05T10:23:43","date_gmt":"2024-02-05T09:23:43","guid":{"rendered":"https:\/\/adhotelskaoprema.com\/proizvod\/susilo-za-kosu-zidno-sa-cijevi-sa-sigurnosnim-timerom-15min-i-dodatnom-uticnicom-za-aparat-za-brijanje-mat-crno\/"},"modified":"2024-02-05T10:23:46","modified_gmt":"2024-02-05T09:23:46","slug":"susilo-za-kosu-zidno-sa-cijevi-sa-sigurnosnim-timerom-15min-i-dodatnom-uticnicom-za-aparat-za-brijanje-mat-crno","status":"publish","type":"product","link":"https:\/\/adhotelskaoprema.com\/en\/proizvod\/susilo-za-kosu-zidno-sa-cijevi-sa-sigurnosnim-timerom-15min-i-dodatnom-uticnicom-za-aparat-za-brijanje-mat-crno\/","title":{"rendered":"SU\u0160ILO ZA KOSU ZIDNO SA CIJEVI (SA SIGURNOSNIM TIMEROM 15MIN) I DODATNOM UTI\u010cNICOM ZA APARAT ZA BRIJANJE  &#8211; MAT CRNO"},"content":{"rendered":"<p>Materijal: ABS i polikarbonat<br \/>\nBoja: Crna (MAT)<br \/>\nDifuzor: ugra\u0111en<br \/>\nNazivna snaga (W): 1000<br \/>\nNapon: 230V<br \/>\nFrekvencija (Hz): 50<br \/>\nUti\u010dnica za aparat za brijanje: Da<br \/>\nVisina (mm) : 230 \u0160irina (mm) : 140 Dubina (mm) : 150<br \/>\nPostolje sa sigurnosnim timerom od 15 min<\/p>\n<p>Rok isporuke 7-14 dana.<\/p>\n","protected":false},"excerpt":{"rendered":"<p>Materijal: ABS i polikarbonat Boja: Crna (MAT) Difuzor: ugra\u0111en Nazivna snaga (W): 1000 Napon: 230V Frekvencija (Hz): 50 Uti\u010dnica za aparat za brijanje: Da Visina (mm) : 230 \u0160irina (mm) : 140 Dubina (mm) : 150 Postolje sa sigurnosnim timerom od 15 min Rok isporuke 7-14 dana.<\/p>\n","protected":false},"featured_media":1119,"template":"","meta":{"_acf_changed":false},"product_brand":[],"product_cat":[44],"product_tag":[],"class_list":{"0":"post-6007","1":"product","2":"type-product","3":"status-publish","4":"has-post-thumbnail","6":"product_cat-susila-za-kosu","8":"first","9":"instock","10":"sale","11":"taxable","12":"shipping-taxable","13":"purchasable","14":"product-type-simple"},"acf":[],"_links":{"self":[{"href":"https:\/\/adhotelskaoprema.com\/en\/wp-json\/wp\/v2\/product\/6007","targetHints":{"allow":["GET"]}}],"collection":[{"href":"https:\/\/adhotelskaoprema.com\/en\/wp-json\/wp\/v2\/product"}],"about":[{"href":"https:\/\/adhotelskaoprema.com\/en\/wp-json\/wp\/v2\/types\/product"}],"wp:featuredmedia":[{"embeddable":true,"href":"https:\/\/adhotelskaoprema.com\/en\/wp-json\/wp\/v2\/media\/1119"}],"wp:attachment":[{"href":"https:\/\/adhotelskaoprema.com\/en\/wp-json\/wp\/v2\/media?parent=6007"}],"wp:term":[{"taxonomy":"product_brand","embeddable":true,"href":"https:\/\/adhotelskaoprema.com\/en\/wp-json\/wp\/v2\/product_brand?post=6007"},{"taxonomy":"product_cat","embeddable":true,"href":"https:\/\/adhotelskaoprema.com\/en\/wp-json\/wp\/v2\/product_cat?post=6007"},{"taxonomy":"product_tag","embeddable":true,"href":"https:\/\/adhotelskaoprema.com\/en\/wp-json\/wp\/v2\/product_tag?post=6007"}],"curies":[{"name":"wp","href":"https:\/\/api.w.org\/{rel}","templated":true}]}}