{"id":6001,"date":"2024-02-05T10:23:43","date_gmt":"2024-02-05T09:23:43","guid":{"rendered":"https:\/\/adhotelskaoprema.com\/proizvod\/susilo-za-kosu-i-sa-nosacem-bijelo\/"},"modified":"2024-02-05T10:23:44","modified_gmt":"2024-02-05T09:23:44","slug":"susilo-za-kosu-i-sa-nosacem-bijelo","status":"publish","type":"product","link":"https:\/\/adhotelskaoprema.com\/en\/proizvod\/susilo-za-kosu-i-sa-nosacem-bijelo\/","title":{"rendered":"SU\u0160ILO ZA KOSU ( I ) SA NOSA\u010cEM &#8211; BIJELO"},"content":{"rendered":"<p>Materijal: ABS i polikarbonat<br \/>\nBoja: Bijela<br \/>\nJamstvo (u godinama): 2<br \/>\nIonizator: Da<br \/>\nDuljina kabela (mm): 2210<br \/>\nDifuzor: uklonjiv<br \/>\nTipka za hladni polo\u017eaj: Da<br \/>\nNazivna snaga (W): 1875<br \/>\nNapon: 230V<br \/>\nFrekvencija (Hz): 50-60<br \/>\nKlasa za\u0161tite: Klasa II<br \/>\nFilter: Stra\u017enji filter koji se mo\u017ee ukloniti<br \/>\nDuljina rastegnutog kabela (mm): 2210<br \/>\nUti\u010dnica za aparat za brijanje: Bez<br \/>\nVisina (mm) : 266 \u0160irina (mm) : 100 Dubina (mm)<\/p>\n<p>Rok isporuke 7-14 dana.<\/p>\n","protected":false},"excerpt":{"rendered":"<p>Materijal: ABS i polikarbonat Boja: Bijela Jamstvo (u godinama): 2 Ionizator: Da Duljina kabela (mm): 2210 Difuzor: uklonjiv Tipka za hladni polo\u017eaj: Da Nazivna snaga (W): 1875 Napon: 230V Frekvencija (Hz): 50-60 Klasa za\u0161tite: Klasa II Filter: Stra\u017enji filter koji se mo\u017ee ukloniti Duljina rastegnutog kabela (mm): 2210 Uti\u010dnica za aparat za brijanje: Bez Visina [&hellip;]<\/p>\n","protected":false},"featured_media":1108,"template":"","meta":{"_acf_changed":false},"product_brand":[],"product_cat":[44],"product_tag":[],"class_list":{"0":"post-6001","1":"product","2":"type-product","3":"status-publish","4":"has-post-thumbnail","6":"product_cat-susila-za-kosu","8":"first","9":"instock","10":"sale","11":"taxable","12":"shipping-taxable","13":"purchasable","14":"product-type-simple"},"acf":[],"_links":{"self":[{"href":"https:\/\/adhotelskaoprema.com\/en\/wp-json\/wp\/v2\/product\/6001","targetHints":{"allow":["GET"]}}],"collection":[{"href":"https:\/\/adhotelskaoprema.com\/en\/wp-json\/wp\/v2\/product"}],"about":[{"href":"https:\/\/adhotelskaoprema.com\/en\/wp-json\/wp\/v2\/types\/product"}],"wp:featuredmedia":[{"embeddable":true,"href":"https:\/\/adhotelskaoprema.com\/en\/wp-json\/wp\/v2\/media\/1108"}],"wp:attachment":[{"href":"https:\/\/adhotelskaoprema.com\/en\/wp-json\/wp\/v2\/media?parent=6001"}],"wp:term":[{"taxonomy":"product_brand","embeddable":true,"href":"https:\/\/adhotelskaoprema.com\/en\/wp-json\/wp\/v2\/product_brand?post=6001"},{"taxonomy":"product_cat","embeddable":true,"href":"https:\/\/adhotelskaoprema.com\/en\/wp-json\/wp\/v2\/product_cat?post=6001"},{"taxonomy":"product_tag","embeddable":true,"href":"https:\/\/adhotelskaoprema.com\/en\/wp-json\/wp\/v2\/product_tag?post=6001"}],"curies":[{"name":"wp","href":"https:\/\/api.w.org\/{rel}","templated":true}]}}