{"id":5999,"date":"2024-02-05T10:23:43","date_gmt":"2024-02-05T09:23:43","guid":{"rendered":"https:\/\/adhotelskaoprema.com\/proizvod\/susilo-za-kosu-p-bijelo\/"},"modified":"2024-02-05T10:23:43","modified_gmt":"2024-02-05T09:23:43","slug":"susilo-za-kosu-p-bijelo","status":"publish","type":"product","link":"https:\/\/adhotelskaoprema.com\/en\/proizvod\/susilo-za-kosu-p-bijelo\/","title":{"rendered":"SU\u0160ILO ZA KOSU P &#8211; BIJELO"},"content":{"rendered":"<p>Materijal: ABS i polikarbonat<br \/>\nBoja: Bijela<br \/>\nJamstvo (u godinama): 2<br \/>\nDuljina kabela (mm): 390<br \/>\nDifuzor: ugra\u0111en<br \/>\nNazivna snaga (W): 1200<br \/>\nNapon: 115-230V<br \/>\nFrekvencija (Hz): 50-60<br \/>\nKlasa za\u0161tite: Klasa II<br \/>\nDuljina rastegnutog kabela (mm): 1430<br \/>\nUti\u010dnica za aparat za brijanje: Bez<br \/>\nVisina (mm): 212 \u0160irina (mm) : 120 Dubina (mm)<\/p>\n<p>Rok isporuke 7-14 dana.<\/p>\n","protected":false},"excerpt":{"rendered":"<p>Materijal: ABS i polikarbonat Boja: Bijela Jamstvo (u godinama): 2 Duljina kabela (mm): 390 Difuzor: ugra\u0111en Nazivna snaga (W): 1200 Napon: 115-230V Frekvencija (Hz): 50-60 Klasa za\u0161tite: Klasa II Duljina rastegnutog kabela (mm): 1430 Uti\u010dnica za aparat za brijanje: Bez Visina (mm): 212 \u0160irina (mm) : 120 Dubina (mm) Rok isporuke 7-14 dana.<\/p>\n","protected":false},"featured_media":1104,"template":"","meta":{"_acf_changed":false},"product_brand":[],"product_cat":[44],"product_tag":[],"class_list":{"0":"post-5999","1":"product","2":"type-product","3":"status-publish","4":"has-post-thumbnail","6":"product_cat-susila-za-kosu","8":"first","9":"instock","10":"sale","11":"taxable","12":"shipping-taxable","13":"purchasable","14":"product-type-simple"},"acf":[],"_links":{"self":[{"href":"https:\/\/adhotelskaoprema.com\/en\/wp-json\/wp\/v2\/product\/5999","targetHints":{"allow":["GET"]}}],"collection":[{"href":"https:\/\/adhotelskaoprema.com\/en\/wp-json\/wp\/v2\/product"}],"about":[{"href":"https:\/\/adhotelskaoprema.com\/en\/wp-json\/wp\/v2\/types\/product"}],"wp:featuredmedia":[{"embeddable":true,"href":"https:\/\/adhotelskaoprema.com\/en\/wp-json\/wp\/v2\/media\/1104"}],"wp:attachment":[{"href":"https:\/\/adhotelskaoprema.com\/en\/wp-json\/wp\/v2\/media?parent=5999"}],"wp:term":[{"taxonomy":"product_brand","embeddable":true,"href":"https:\/\/adhotelskaoprema.com\/en\/wp-json\/wp\/v2\/product_brand?post=5999"},{"taxonomy":"product_cat","embeddable":true,"href":"https:\/\/adhotelskaoprema.com\/en\/wp-json\/wp\/v2\/product_cat?post=5999"},{"taxonomy":"product_tag","embeddable":true,"href":"https:\/\/adhotelskaoprema.com\/en\/wp-json\/wp\/v2\/product_tag?post=5999"}],"curies":[{"name":"wp","href":"https:\/\/api.w.org\/{rel}","templated":true}]}}