{"id":5998,"date":"2024-02-05T10:23:43","date_gmt":"2024-02-05T09:23:43","guid":{"rendered":"https:\/\/adhotelskaoprema.com\/proizvod\/susilo-za-kosu-c-sa-nosacem-i-dodatnom-uticnicom-za-brijaci-aparat-mv-ss-crno\/"},"modified":"2024-02-05T10:23:43","modified_gmt":"2024-02-05T09:23:43","slug":"susilo-za-kosu-c-sa-nosacem-i-dodatnom-uticnicom-za-brijaci-aparat-mv-ss-crno","status":"publish","type":"product","link":"https:\/\/adhotelskaoprema.com\/en\/proizvod\/susilo-za-kosu-c-sa-nosacem-i-dodatnom-uticnicom-za-brijaci-aparat-mv-ss-crno\/","title":{"rendered":"SU\u0160ILO ZA KOSU C SA NOSA\u010cEM I DODATNOM UTI\u010cNICOM ZA BRIJA\u010cI APARAT (MV SS) &#8211; CRNO"},"content":{"rendered":"<p>Materijal: ABS i polikarbonat<br \/>\nBoja: Crna<br \/>\nJamstvo (u godinama): 2<br \/>\nIonizator: Da<br \/>\nInstalacijski volumen: Svezak 3<br \/>\nDuljina kabela (mm): 740<br \/>\nLightTouch patentirana ru\u010dka: Da<br \/>\nDifuzor: ugra\u0111en<br \/>\nNazivna snaga (W): 1400<br \/>\nNapon: 230V<br \/>\nFrekvencija (Hz): 50-60<br \/>\nKlasa za\u0161tite: Klasa II<br \/>\nFilter: Stra\u017enji filter koji se mo\u017ee ukloniti<br \/>\nDuljina rastegnutog kabela (mm): 2250<br \/>\nUti\u010dnica za brija\u010d: MT<br \/>\nVisina (mm) : 220 \u0160irina (mm) : 188 Dubina (mm) : 83<\/p>\n<p>Rok isporuke 7-14 dana.<\/p>\n","protected":false},"excerpt":{"rendered":"<p>Materijal: ABS i polikarbonat Boja: Crna Jamstvo (u godinama): 2 Ionizator: Da Instalacijski volumen: Svezak 3 Duljina kabela (mm): 740 LightTouch patentirana ru\u010dka: Da Difuzor: ugra\u0111en Nazivna snaga (W): 1400 Napon: 230V Frekvencija (Hz): 50-60 Klasa za\u0161tite: Klasa II Filter: Stra\u017enji filter koji se mo\u017ee ukloniti Duljina rastegnutog kabela (mm): 2250 Uti\u010dnica za brija\u010d: MT [&hellip;]<\/p>\n","protected":false},"featured_media":1102,"template":"","meta":{"_acf_changed":false},"product_brand":[],"product_cat":[44],"product_tag":[],"class_list":{"0":"post-5998","1":"product","2":"type-product","3":"status-publish","4":"has-post-thumbnail","6":"product_cat-susila-za-kosu","8":"first","9":"instock","10":"sale","11":"taxable","12":"shipping-taxable","13":"purchasable","14":"product-type-simple"},"acf":[],"_links":{"self":[{"href":"https:\/\/adhotelskaoprema.com\/en\/wp-json\/wp\/v2\/product\/5998","targetHints":{"allow":["GET"]}}],"collection":[{"href":"https:\/\/adhotelskaoprema.com\/en\/wp-json\/wp\/v2\/product"}],"about":[{"href":"https:\/\/adhotelskaoprema.com\/en\/wp-json\/wp\/v2\/types\/product"}],"wp:featuredmedia":[{"embeddable":true,"href":"https:\/\/adhotelskaoprema.com\/en\/wp-json\/wp\/v2\/media\/1102"}],"wp:attachment":[{"href":"https:\/\/adhotelskaoprema.com\/en\/wp-json\/wp\/v2\/media?parent=5998"}],"wp:term":[{"taxonomy":"product_brand","embeddable":true,"href":"https:\/\/adhotelskaoprema.com\/en\/wp-json\/wp\/v2\/product_brand?post=5998"},{"taxonomy":"product_cat","embeddable":true,"href":"https:\/\/adhotelskaoprema.com\/en\/wp-json\/wp\/v2\/product_cat?post=5998"},{"taxonomy":"product_tag","embeddable":true,"href":"https:\/\/adhotelskaoprema.com\/en\/wp-json\/wp\/v2\/product_tag?post=5998"}],"curies":[{"name":"wp","href":"https:\/\/api.w.org\/{rel}","templated":true}]}}