{"id":5989,"date":"2024-02-05T10:23:32","date_gmt":"2024-02-05T09:23:32","guid":{"rendered":"https:\/\/adhotelskaoprema.com\/proizvod\/susilo-za-kosu-a-crno\/"},"modified":"2024-02-05T10:23:36","modified_gmt":"2024-02-05T09:23:36","slug":"susilo-za-kosu-a-crno","status":"publish","type":"product","link":"https:\/\/adhotelskaoprema.com\/en\/proizvod\/susilo-za-kosu-a-crno\/","title":{"rendered":"SU\u0160ILO ZA KOSU A &#8211; CRNO"},"content":{"rendered":"<p>Materijal: polikarbonat<br \/>\nBoja: Crna<br \/>\nJamstvo (u godinama): 2<br \/>\nInstalacijski volumen: svezak 2<br \/>\nDuljina kabela (mm): 700<br \/>\nDifuzor: uklonjiv<br \/>\nNazivna snaga (W): 1875<br \/>\nNapon: 230V<br \/>\nFrekvencija (Hz): 50-60<br \/>\nKlasa za\u0161tite: Klasa II<br \/>\nRazina zvuka (dB) (1 m ispred ure\u0111aja): 63<br \/>\nFilter: Stra\u017enji filter koji se mo\u017ee ukloniti<br \/>\nDuljina rastegnutog kabela (mm): 2050<br \/>\nVisina (mm) : 205 \u0160irina (mm) : 245 Dubina (mm) : 84<\/p>\n<p>Rok isporuke 7 -14 dana.<\/p>\n","protected":false},"excerpt":{"rendered":"<p>Materijal: polikarbonat Boja: Crna Jamstvo (u godinama): 2 Instalacijski volumen: svezak 2 Duljina kabela (mm): 700 Difuzor: uklonjiv Nazivna snaga (W): 1875 Napon: 230V Frekvencija (Hz): 50-60 Klasa za\u0161tite: Klasa II Razina zvuka (dB) (1 m ispred ure\u0111aja): 63 Filter: Stra\u017enji filter koji se mo\u017ee ukloniti Duljina rastegnutog kabela (mm): 2050 Visina (mm) : 205 [&hellip;]<\/p>\n","protected":false},"featured_media":1084,"template":"","meta":{"_acf_changed":false},"product_brand":[],"product_cat":[44],"product_tag":[],"class_list":{"0":"post-5989","1":"product","2":"type-product","3":"status-publish","4":"has-post-thumbnail","6":"product_cat-susila-za-kosu","8":"first","9":"instock","10":"sale","11":"taxable","12":"shipping-taxable","13":"purchasable","14":"product-type-simple"},"acf":[],"_links":{"self":[{"href":"https:\/\/adhotelskaoprema.com\/en\/wp-json\/wp\/v2\/product\/5989","targetHints":{"allow":["GET"]}}],"collection":[{"href":"https:\/\/adhotelskaoprema.com\/en\/wp-json\/wp\/v2\/product"}],"about":[{"href":"https:\/\/adhotelskaoprema.com\/en\/wp-json\/wp\/v2\/types\/product"}],"wp:featuredmedia":[{"embeddable":true,"href":"https:\/\/adhotelskaoprema.com\/en\/wp-json\/wp\/v2\/media\/1084"}],"wp:attachment":[{"href":"https:\/\/adhotelskaoprema.com\/en\/wp-json\/wp\/v2\/media?parent=5989"}],"wp:term":[{"taxonomy":"product_brand","embeddable":true,"href":"https:\/\/adhotelskaoprema.com\/en\/wp-json\/wp\/v2\/product_brand?post=5989"},{"taxonomy":"product_cat","embeddable":true,"href":"https:\/\/adhotelskaoprema.com\/en\/wp-json\/wp\/v2\/product_cat?post=5989"},{"taxonomy":"product_tag","embeddable":true,"href":"https:\/\/adhotelskaoprema.com\/en\/wp-json\/wp\/v2\/product_tag?post=5989"}],"curies":[{"name":"wp","href":"https:\/\/api.w.org\/{rel}","templated":true}]}}