{"id":5985,"date":"2024-02-05T10:23:32","date_gmt":"2024-02-05T09:23:32","guid":{"rendered":"https:\/\/adhotelskaoprema.com\/proizvod\/hotelski-kos-za-smece-3-l\/"},"modified":"2025-01-14T09:59:26","modified_gmt":"2025-01-14T08:59:26","slug":"hotelski-kos-za-smece-3-l","status":"publish","type":"product","link":"https:\/\/adhotelskaoprema.com\/en\/proizvod\/hotelski-kos-za-smece-3-l\/","title":{"rendered":"Hotelski ko\u0161 za sme\u0107e (3 L)"},"content":{"rendered":"<p>Kanta za sme\u0107e na pedale kapaciteta 5 litara. Mat crna verzija \u010dini ovu kantu za sme\u0107e trendi dodatkom za va\u0161 hotel ili pansion. Na taj na\u010din svoj boravak mo\u017eete odr\u017eati urednim i elegantnim.<br \/>\nVisina 255 mm<br \/>\nPromjer 170 mm<br \/>\nBoja Crna<br \/>\nMaterijal RVS<br \/>\nSadr\u017eaj 3 litre<\/p>\n","protected":false},"excerpt":{"rendered":"<p>|<\/p>\n","protected":false},"featured_media":1071,"template":"","meta":{"_acf_changed":false},"product_brand":[],"product_cat":[320],"product_tag":[],"class_list":{"0":"post-5985","1":"product","2":"type-product","3":"status-publish","4":"has-post-thumbnail","6":"product_cat-kosevi-za-sobe","8":"first","9":"instock","10":"sale","11":"taxable","12":"shipping-taxable","13":"purchasable","14":"product-type-simple"},"acf":[],"_links":{"self":[{"href":"https:\/\/adhotelskaoprema.com\/en\/wp-json\/wp\/v2\/product\/5985","targetHints":{"allow":["GET"]}}],"collection":[{"href":"https:\/\/adhotelskaoprema.com\/en\/wp-json\/wp\/v2\/product"}],"about":[{"href":"https:\/\/adhotelskaoprema.com\/en\/wp-json\/wp\/v2\/types\/product"}],"wp:featuredmedia":[{"embeddable":true,"href":"https:\/\/adhotelskaoprema.com\/en\/wp-json\/wp\/v2\/media\/1071"}],"wp:attachment":[{"href":"https:\/\/adhotelskaoprema.com\/en\/wp-json\/wp\/v2\/media?parent=5985"}],"wp:term":[{"taxonomy":"product_brand","embeddable":true,"href":"https:\/\/adhotelskaoprema.com\/en\/wp-json\/wp\/v2\/product_brand?post=5985"},{"taxonomy":"product_cat","embeddable":true,"href":"https:\/\/adhotelskaoprema.com\/en\/wp-json\/wp\/v2\/product_cat?post=5985"},{"taxonomy":"product_tag","embeddable":true,"href":"https:\/\/adhotelskaoprema.com\/en\/wp-json\/wp\/v2\/product_tag?post=5985"}],"curies":[{"name":"wp","href":"https:\/\/api.w.org\/{rel}","templated":true}]}}