{"id":5977,"date":"2024-02-05T10:23:20","date_gmt":"2024-02-05T09:23:20","guid":{"rendered":"https:\/\/adhotelskaoprema.com\/proizvod\/sarbacane-sampon-za-kosu-40-ml-50-komada\/"},"modified":"2025-02-19T14:27:57","modified_gmt":"2025-02-19T13:27:57","slug":"sarbacane-sampon-za-kosu-40-ml-50-komada","status":"publish","type":"product","link":"https:\/\/adhotelskaoprema.com\/en\/proizvod\/sarbacane-sampon-za-kosu-40-ml-50-komada\/","title":{"rendered":"SARBACANE \u0160AMPON ZA KOSU 40 ML (50 KOMADA)"},"content":{"rendered":"<p>&#8220;Ultimativno luksuzno iskustvo!&#8221;<\/p>\n<p>Na\u0161a premium hotelska linija kozmetike Sarbacane nudi jedinstvenu kombinaciju ekstrakta jantara sa notama mandarine, sandalovine i bergamota.<br \/>\n\u017dene anti\u010dkih plemena izra\u0111ivale su nakit od jantara, koji je dobro poznat po svojim balansiraju\u0107im svojstvima, sa svrhom da im je neprekidno u kontaktu sa ko\u017eom.<br \/>\nZamislite da cijelo svoje tijelo prepustite jedinstvenom uranjanju u kozmetiku sa ekstraktom pravog jantara.<br \/>\nZa one koji tra\u017ee bogati i o\u010daravaju\u0107i osje\u0107aj, Sarbacane linija je jedini izbor!<br \/>\nSarbacane linija pru\u017ea tretman dostojan 5 zvjezdica koji djeluje pomla\u0111uju\u0107e na um i tijelo.<br \/>\nOboga\u0107ena dodatkom vitamina E.<br \/>\nDermatolo\u0161ki testirano.<br \/>\nIdealna za sve tipove ko\u017ee.<br \/>\nBez parabena, silikona, mineralnih ulja i umjetnih bojila.<br \/>\nDostupna u bo\u010dicama od 40 ml.<\/p>\n","protected":false},"excerpt":{"rendered":"<p>||||<\/p>\n","protected":false},"featured_media":1055,"template":"","meta":{"_acf_changed":false},"product_brand":[],"product_cat":[63],"product_tag":[],"class_list":{"0":"post-5977","1":"product","2":"type-product","3":"status-publish","4":"has-post-thumbnail","6":"product_cat-hotelska-kozmetika-sarbacane","8":"first","9":"instock","10":"sale","11":"taxable","12":"shipping-taxable","13":"purchasable","14":"product-type-simple"},"acf":[],"_links":{"self":[{"href":"https:\/\/adhotelskaoprema.com\/en\/wp-json\/wp\/v2\/product\/5977","targetHints":{"allow":["GET"]}}],"collection":[{"href":"https:\/\/adhotelskaoprema.com\/en\/wp-json\/wp\/v2\/product"}],"about":[{"href":"https:\/\/adhotelskaoprema.com\/en\/wp-json\/wp\/v2\/types\/product"}],"wp:featuredmedia":[{"embeddable":true,"href":"https:\/\/adhotelskaoprema.com\/en\/wp-json\/wp\/v2\/media\/1055"}],"wp:attachment":[{"href":"https:\/\/adhotelskaoprema.com\/en\/wp-json\/wp\/v2\/media?parent=5977"}],"wp:term":[{"taxonomy":"product_brand","embeddable":true,"href":"https:\/\/adhotelskaoprema.com\/en\/wp-json\/wp\/v2\/product_brand?post=5977"},{"taxonomy":"product_cat","embeddable":true,"href":"https:\/\/adhotelskaoprema.com\/en\/wp-json\/wp\/v2\/product_cat?post=5977"},{"taxonomy":"product_tag","embeddable":true,"href":"https:\/\/adhotelskaoprema.com\/en\/wp-json\/wp\/v2\/product_tag?post=5977"}],"curies":[{"name":"wp","href":"https:\/\/api.w.org\/{rel}","templated":true}]}}