{"id":5973,"date":"2024-02-05T10:23:20","date_gmt":"2024-02-05T09:23:20","guid":{"rendered":"https:\/\/adhotelskaoprema.com\/proizvod\/good-to-declare-gel-za-tusiranje-40-ml-50-komada\/"},"modified":"2025-02-19T14:33:29","modified_gmt":"2025-02-19T13:33:29","slug":"good-to-declare-gel-za-tusiranje-40-ml-50-komada","status":"publish","type":"product","link":"https:\/\/adhotelskaoprema.com\/en\/proizvod\/good-to-declare-gel-za-tusiranje-40-ml-50-komada\/","title":{"rendered":"GOOD TO DECLARE GEL ZA TU\u0160IRANJE 40 ML (50 KOMADA)"},"content":{"rendered":"<p>&#8220;Good to declare je \u017eivotna izjava!&#8221;<\/p>\n<p>Otkrijte na\u0161u novu ekolo\u0161ki orijentiranu hotelsku kozmetiku u recikliranoj i recikliraju\u0107oj ambala\u017ei.<br \/>\n\u010cista formulacija sa probioticima i prirodnim sastojcima donosi zahvalnost pri pravom odabiru kozmetike.<br \/>\nGood to declare linija posjeduje organski certifikat COSMOS NATURAL, koji garantira formulu sa vi\u0161e od 96% sastojaka prirodnog porijekla.<br \/>\nLinija Good to declare ne sadr\u017ei parabene, parfeme, sinteti\u010dka bojila i GMO sastojke.<br \/>\nUpravo je ova linija dizajnirana sa ekolo\u0161kom svjesno\u0161\u0107u, respektiraju\u0107i ljudsko zdravlje te pridonose\u0107i pozitivnu odgovornost o brizi za na\u0161 Eko sustav.<br \/>\nPakiranja dolaze u Eco-friendly bo\u010dicama te ih kao takve mo\u017eete reciklirati.<br \/>\nDostupna u tubicama od 40 ml i 400 ml.<\/p>\n","protected":false},"excerpt":{"rendered":"<p>||||||<\/p>\n","protected":false},"featured_media":1035,"template":"","meta":{"_acf_changed":false},"product_brand":[],"product_cat":[62],"product_tag":[],"class_list":{"0":"post-5973","1":"product","2":"type-product","3":"status-publish","4":"has-post-thumbnail","6":"product_cat-hotelska-kozmetika-good-to-declare","8":"first","9":"instock","10":"sale","11":"taxable","12":"shipping-taxable","13":"purchasable","14":"product-type-simple"},"acf":[],"_links":{"self":[{"href":"https:\/\/adhotelskaoprema.com\/en\/wp-json\/wp\/v2\/product\/5973","targetHints":{"allow":["GET"]}}],"collection":[{"href":"https:\/\/adhotelskaoprema.com\/en\/wp-json\/wp\/v2\/product"}],"about":[{"href":"https:\/\/adhotelskaoprema.com\/en\/wp-json\/wp\/v2\/types\/product"}],"wp:featuredmedia":[{"embeddable":true,"href":"https:\/\/adhotelskaoprema.com\/en\/wp-json\/wp\/v2\/media\/1035"}],"wp:attachment":[{"href":"https:\/\/adhotelskaoprema.com\/en\/wp-json\/wp\/v2\/media?parent=5973"}],"wp:term":[{"taxonomy":"product_brand","embeddable":true,"href":"https:\/\/adhotelskaoprema.com\/en\/wp-json\/wp\/v2\/product_brand?post=5973"},{"taxonomy":"product_cat","embeddable":true,"href":"https:\/\/adhotelskaoprema.com\/en\/wp-json\/wp\/v2\/product_cat?post=5973"},{"taxonomy":"product_tag","embeddable":true,"href":"https:\/\/adhotelskaoprema.com\/en\/wp-json\/wp\/v2\/product_tag?post=5973"}],"curies":[{"name":"wp","href":"https:\/\/api.w.org\/{rel}","templated":true}]}}