{"id":5965,"date":"2024-02-05T10:23:20","date_gmt":"2024-02-05T09:23:20","guid":{"rendered":"https:\/\/adhotelskaoprema.com\/proizvod\/skin-essentials-passion-sampon-sa-regeneratorom-25-ml-50-komada\/"},"modified":"2025-04-17T11:32:20","modified_gmt":"2025-04-17T09:32:20","slug":"skin-essentials-passion-sampon-sa-regeneratorom-25-ml-50-komada","status":"publish","type":"product","link":"https:\/\/adhotelskaoprema.com\/en\/proizvod\/skin-essentials-passion-sampon-sa-regeneratorom-25-ml-50-komada\/","title":{"rendered":"SKIN ESSENTIALS PASSION \u0160AMPON SA REGENERATOROM 25 ML (50 KOMADA)"},"content":{"rendered":"<p>&#8220;U\u017eitak za Va\u0161u ko\u017eu!&#8221;<\/p>\n<p>Hotelska linija kozmetike u \u010distom, modernom pakiranju, razvijena sa brigom i istan\u010danim mirisom marakuje.<br \/>\nPrepoznatljiva aroma marakuje sa notama biljke ylang-ylang, notama ru\u017ee, jasmina i ljubi\u010dice.<br \/>\nPakiranje u tubicama koje omogu\u0107avaju lak\u0161e kori\u0161tenje.<br \/>\nDostupna u tubicama od 25 ml i bo\u010dicama od 750 ml.<\/p>\n","protected":false},"excerpt":{"rendered":"<p>|||<\/p>\n","protected":false},"featured_media":1010,"template":"","meta":{"_acf_changed":false},"product_brand":[],"product_cat":[61],"product_tag":[],"class_list":{"0":"post-5965","1":"product","2":"type-product","3":"status-publish","4":"has-post-thumbnail","6":"product_cat-hotelska-kozmetika-skin-essentials","8":"first","9":"outofstock","10":"sale","11":"taxable","12":"shipping-taxable","13":"purchasable","14":"product-type-simple"},"acf":[],"_links":{"self":[{"href":"https:\/\/adhotelskaoprema.com\/en\/wp-json\/wp\/v2\/product\/5965","targetHints":{"allow":["GET"]}}],"collection":[{"href":"https:\/\/adhotelskaoprema.com\/en\/wp-json\/wp\/v2\/product"}],"about":[{"href":"https:\/\/adhotelskaoprema.com\/en\/wp-json\/wp\/v2\/types\/product"}],"wp:featuredmedia":[{"embeddable":true,"href":"https:\/\/adhotelskaoprema.com\/en\/wp-json\/wp\/v2\/media\/1010"}],"wp:attachment":[{"href":"https:\/\/adhotelskaoprema.com\/en\/wp-json\/wp\/v2\/media?parent=5965"}],"wp:term":[{"taxonomy":"product_brand","embeddable":true,"href":"https:\/\/adhotelskaoprema.com\/en\/wp-json\/wp\/v2\/product_brand?post=5965"},{"taxonomy":"product_cat","embeddable":true,"href":"https:\/\/adhotelskaoprema.com\/en\/wp-json\/wp\/v2\/product_cat?post=5965"},{"taxonomy":"product_tag","embeddable":true,"href":"https:\/\/adhotelskaoprema.com\/en\/wp-json\/wp\/v2\/product_tag?post=5965"}],"curies":[{"name":"wp","href":"https:\/\/api.w.org\/{rel}","templated":true}]}}