{"id":5962,"date":"2024-02-05T10:23:20","date_gmt":"2024-02-05T09:23:20","guid":{"rendered":"https:\/\/adhotelskaoprema.com\/proizvod\/karavaki-losion-za-tijelo-33ml-50-komada\/"},"modified":"2025-05-09T00:40:35","modified_gmt":"2025-05-08T22:40:35","slug":"karavaki-losion-za-tijelo-33ml-50-komada","status":"publish","type":"product","link":"https:\/\/adhotelskaoprema.com\/en\/proizvod\/karavaki-losion-za-tijelo-33ml-50-komada\/","title":{"rendered":"KARAVAKI LOSION ZA TIJELO 33ml (50 KOMADA)"},"content":{"rendered":"<p>KARAVAKI<\/p>\n<p>&#8220;Svje\u017eina Egejskog povjetarca!&#8221;<\/p>\n<p>Karavaki linija obe\u0107ava unikatni do\u017eivljaj svje\u017eine Egejskog mora.<br \/>\nKaravaki, dio mediteranske tradicije, pru\u017ea osje\u0107aj pomla\u0111ivanja i svje\u017eine.<br \/>\nNje\u017ena struktura sa mineralima mora odvesti \u0107e Vas u dubine plavog Egejskog mora.<br \/>\nLinija je oboga\u0107ena vitaminom E i pro vitaminom B5.<br \/>\nMiris odlikuju opu\u0161taju\u0107e arome citrusnog vo\u0107a, lavande, jasmina i ljubi\u010dice.<br \/>\nDermatolo\u0161ki testirano.<br \/>\nIdealno za sve tipove ko\u017ee.<br \/>\nBez parabena, silikona, isotiazolinona, BHT, formaldehida, EDTA i mineralnih ulja.<\/p>\n","protected":false},"excerpt":{"rendered":"<p>|||||||<\/p>\n","protected":false},"featured_media":987,"template":"","meta":{"_acf_changed":false},"product_brand":[],"product_cat":[59],"product_tag":[],"class_list":{"0":"post-5962","1":"product","2":"type-product","3":"status-publish","4":"has-post-thumbnail","6":"product_cat-hotelska-kozmetika-karavaki","8":"first","9":"instock","10":"sale","11":"taxable","12":"shipping-taxable","13":"purchasable","14":"product-type-simple"},"acf":[],"_links":{"self":[{"href":"https:\/\/adhotelskaoprema.com\/en\/wp-json\/wp\/v2\/product\/5962","targetHints":{"allow":["GET"]}}],"collection":[{"href":"https:\/\/adhotelskaoprema.com\/en\/wp-json\/wp\/v2\/product"}],"about":[{"href":"https:\/\/adhotelskaoprema.com\/en\/wp-json\/wp\/v2\/types\/product"}],"wp:featuredmedia":[{"embeddable":true,"href":"https:\/\/adhotelskaoprema.com\/en\/wp-json\/wp\/v2\/media\/987"}],"wp:attachment":[{"href":"https:\/\/adhotelskaoprema.com\/en\/wp-json\/wp\/v2\/media?parent=5962"}],"wp:term":[{"taxonomy":"product_brand","embeddable":true,"href":"https:\/\/adhotelskaoprema.com\/en\/wp-json\/wp\/v2\/product_brand?post=5962"},{"taxonomy":"product_cat","embeddable":true,"href":"https:\/\/adhotelskaoprema.com\/en\/wp-json\/wp\/v2\/product_cat?post=5962"},{"taxonomy":"product_tag","embeddable":true,"href":"https:\/\/adhotelskaoprema.com\/en\/wp-json\/wp\/v2\/product_tag?post=5962"}],"curies":[{"name":"wp","href":"https:\/\/api.w.org\/{rel}","templated":true}]}}