{"id":59503,"date":"2024-06-18T18:57:11","date_gmt":"2024-06-18T16:57:11","guid":{"rendered":"https:\/\/adhotelskaoprema.com\/?post_type=product&#038;p=59503"},"modified":"2024-09-18T10:18:38","modified_gmt":"2024-09-18T08:18:38","slug":"naslonjac-na-razvlacenje-big-bag-112x200-super-king-size-kauc-na-razvlacenje-193x185","status":"publish","type":"product","link":"https:\/\/adhotelskaoprema.com\/en\/proizvod\/naslonjac-na-razvlacenje-big-bag-112x200-super-king-size-kauc-na-razvlacenje-193x185\/","title":{"rendered":"Naslonja\u010d na razvla\u010denje Big-Bag (112&#215;200) + super king size kau\u010d na razvla\u010denje (193&#215;185)"},"content":{"rendered":"<p>Big-Bag by Giulio Manzoni (2019) je kau\u010d koji mo\u017eete rekonfigurirati i osmisliti prema vlastitoj \u017eelji, zahvaljuju\u0107i svom naslonu koji se sastoji od samostoje\u0107ih jastuka, s prakti\u010dnom ru\u010dkom od prirodne ko\u017ee, koji se jednostavno postavlja na povr\u0161inu za sjedenje i prikladno je uravnote\u017een pru\u017eiti pravu podr\u0161ku.<br \/>\nBez komplikacija, maksimalna sloboda kori\u0161tenja:<br \/>\nkau\u010d i krevet za jednu osobu uvijek su vam na raspolaganju. Po potrebi mo\u017eete dobiti veliki otok ili udoban bra\u010dni krevet.<\/p>\n<p>Za odabir boje i materijala javit se na mail<strong> info@adhotelskaoprema.com<\/strong><\/p>\n<p>&nbsp;<\/p>\n<p>Rok isporuke 25 do 30 dana. Zemlja podrijetla Italija.<\/p>\n","protected":false},"excerpt":{"rendered":"<p>Big-Bag by Giulio Manzoni (2019) je kau\u010d koji mo\u017eete rekonfigurirati i osmisliti prema vlastitoj \u017eelji, zahvaljuju\u0107i svom naslonu koji se sastoji od samostoje\u0107ih jastuka, s prakti\u010dnom ru\u010dkom od prirodne ko\u017ee, koji se jednostavno postavlja na povr\u0161inu za sjedenje i prikladno je uravnote\u017een pru\u017eiti pravu podr\u0161ku. Bez komplikacija, maksimalna sloboda kori\u0161tenja: kau\u010d i krevet za jednu [&hellip;]<\/p>\n","protected":false},"featured_media":59512,"template":"","meta":{"_acf_changed":false},"product_brand":[],"product_cat":[301],"product_tag":[],"class_list":{"0":"post-59503","1":"product","2":"type-product","3":"status-publish","4":"has-post-thumbnail","6":"product_cat-kauc-na-razvlacenje","8":"first","9":"instock","10":"taxable","11":"shipping-taxable","12":"purchasable","13":"product-type-simple"},"acf":[],"_links":{"self":[{"href":"https:\/\/adhotelskaoprema.com\/en\/wp-json\/wp\/v2\/product\/59503","targetHints":{"allow":["GET"]}}],"collection":[{"href":"https:\/\/adhotelskaoprema.com\/en\/wp-json\/wp\/v2\/product"}],"about":[{"href":"https:\/\/adhotelskaoprema.com\/en\/wp-json\/wp\/v2\/types\/product"}],"wp:featuredmedia":[{"embeddable":true,"href":"https:\/\/adhotelskaoprema.com\/en\/wp-json\/wp\/v2\/media\/59512"}],"wp:attachment":[{"href":"https:\/\/adhotelskaoprema.com\/en\/wp-json\/wp\/v2\/media?parent=59503"}],"wp:term":[{"taxonomy":"product_brand","embeddable":true,"href":"https:\/\/adhotelskaoprema.com\/en\/wp-json\/wp\/v2\/product_brand?post=59503"},{"taxonomy":"product_cat","embeddable":true,"href":"https:\/\/adhotelskaoprema.com\/en\/wp-json\/wp\/v2\/product_cat?post=59503"},{"taxonomy":"product_tag","embeddable":true,"href":"https:\/\/adhotelskaoprema.com\/en\/wp-json\/wp\/v2\/product_tag?post=59503"}],"curies":[{"name":"wp","href":"https:\/\/api.w.org\/{rel}","templated":true}]}}