{"id":59470,"date":"2024-06-18T17:41:18","date_gmt":"2024-06-18T15:41:18","guid":{"rendered":"https:\/\/adhotelskaoprema.com\/?post_type=product&#038;p=59470"},"modified":"2024-09-18T10:28:41","modified_gmt":"2024-09-18T08:28:41","slug":"naslonjac-na-razvlacenje-amour-115x200","status":"publish","type":"product","link":"https:\/\/adhotelskaoprema.com\/en\/proizvod\/naslonjac-na-razvlacenje-amour-115x200\/","title":{"rendered":"Naslonja\u010d na razvla\u010denje Amour (115\u00d7200)"},"content":{"rendered":"<p>Jednostavnost i karakter predstavljaju Amour, dizajniran kao\u00a0\u00a0<strong>kompaktno rje\u0161enje<\/strong>\u00a0. Inspiraciju je dala stolica za kadu.\u00a0\u00a0<strong>Klasi\u010dne linije, elegantan i udoban s uklonjivim naslonima za glavu i ruke<\/strong>\u00a0.<\/p>\n<p>Za odabir boje i materijala javit se na mail<strong> info@adhotelskaoprema.com<\/strong><\/p>\n<p>&nbsp;<\/p>\n<p>Rok isporuke 25 do 30 dana. Zemlja podrijetla Italija.<\/p>\n","protected":false},"excerpt":{"rendered":"<p>Jednostavnost i karakter predstavljaju Amour, dizajniran kao\u00a0\u00a0kompaktno rje\u0161enje\u00a0. Inspiraciju je dala stolica za kadu.\u00a0\u00a0Klasi\u010dne linije, elegantan i udoban s uklonjivim naslonima za glavu i ruke\u00a0. Za odabir boje i materijala javit se na mail info@adhotelskaoprema.com &nbsp; Rok isporuke 25 do 30 dana. Zemlja podrijetla Italija.<\/p>\n","protected":false},"featured_media":59487,"template":"","meta":{"_acf_changed":false},"product_brand":[],"product_cat":[301],"product_tag":[],"class_list":{"0":"post-59470","1":"product","2":"type-product","3":"status-publish","4":"has-post-thumbnail","6":"product_cat-kauc-na-razvlacenje","8":"first","9":"instock","10":"taxable","11":"shipping-taxable","12":"purchasable","13":"product-type-simple"},"acf":[],"_links":{"self":[{"href":"https:\/\/adhotelskaoprema.com\/en\/wp-json\/wp\/v2\/product\/59470","targetHints":{"allow":["GET"]}}],"collection":[{"href":"https:\/\/adhotelskaoprema.com\/en\/wp-json\/wp\/v2\/product"}],"about":[{"href":"https:\/\/adhotelskaoprema.com\/en\/wp-json\/wp\/v2\/types\/product"}],"wp:featuredmedia":[{"embeddable":true,"href":"https:\/\/adhotelskaoprema.com\/en\/wp-json\/wp\/v2\/media\/59487"}],"wp:attachment":[{"href":"https:\/\/adhotelskaoprema.com\/en\/wp-json\/wp\/v2\/media?parent=59470"}],"wp:term":[{"taxonomy":"product_brand","embeddable":true,"href":"https:\/\/adhotelskaoprema.com\/en\/wp-json\/wp\/v2\/product_brand?post=59470"},{"taxonomy":"product_cat","embeddable":true,"href":"https:\/\/adhotelskaoprema.com\/en\/wp-json\/wp\/v2\/product_cat?post=59470"},{"taxonomy":"product_tag","embeddable":true,"href":"https:\/\/adhotelskaoprema.com\/en\/wp-json\/wp\/v2\/product_tag?post=59470"}],"curies":[{"name":"wp","href":"https:\/\/api.w.org\/{rel}","templated":true}]}}