{"id":5935,"date":"2024-02-05T10:22:59","date_gmt":"2024-02-05T09:22:59","guid":{"rendered":"https:\/\/adhotelskaoprema.com\/proizvod\/navlaka-za-poplun-260-x-200-cm-sive-boje-satenski-pamuk\/"},"modified":"2025-02-27T09:55:40","modified_gmt":"2025-02-27T08:55:40","slug":"navlaka-za-poplun-260-x-200-cm-sive-boje-satenski-pamuk","status":"publish","type":"product","link":"https:\/\/adhotelskaoprema.com\/en\/proizvod\/navlaka-za-poplun-260-x-200-cm-sive-boje-satenski-pamuk\/","title":{"rendered":"Navlaka za poplun 260 x 200 cm, Sive boje ( Satenski pamuk )"},"content":{"rendered":"<p>Navlaka (\u0161xd): 270 x 210 cm , 230 TC<\/p>\n<p>Za poplun dimenzija 260 x 200 cm koji se koristi na madracu \u0161irine 200 cm.<\/p>\n<p>Boja: Siva.<\/p>\n<p>Na\u010din \u0161ivanja: preklop.<\/p>\n<p>Kvaliteta za hotele sa 4 i 5 zvjezdice.<\/p>\n<p>Rok isporuke 20-30 dana.<\/p>\n<p>Tkanina: 100% pamuk. Visoka izdr\u017eljivost. <\/p>\n<p>Mogu\u0107nost narud\u017ebe uzorne jastu\u010dnice, dimenzija 30 x 30 cm radi testiranja (pranje i gla\u010danje).<\/p>\n","protected":false},"excerpt":{"rendered":"<p>Navlaka (\u0161xd): 270 x 210 cm , 230 TC Za poplun dimenzija 260 x 200 cm koji se koristi na madracu \u0161irine 200 cm. Boja: Siva. Na\u010din \u0161ivanja: preklop. Kvaliteta za hotele sa 4 i 5 zvjezdice. Rok isporuke 20-30 dana. Tkanina: 100% pamuk. Visoka izdr\u017eljivost. Mogu\u0107nost narud\u017ebe uzorne jastu\u010dnice, dimenzija 30 x 30 cm [&hellip;]<\/p>\n","protected":false},"featured_media":17378,"template":"","meta":{"_acf_changed":false},"product_brand":[],"product_cat":[21,25],"product_tag":[],"class_list":{"0":"post-5935","1":"product","2":"type-product","3":"status-publish","4":"has-post-thumbnail","6":"product_cat-hotelska-posteljina","7":"product_cat-posteljina-za-krevet-200-x-200-cm","9":"first","10":"outofstock","11":"sale","12":"taxable","13":"shipping-taxable","14":"purchasable","15":"product-type-simple"},"acf":[],"_links":{"self":[{"href":"https:\/\/adhotelskaoprema.com\/en\/wp-json\/wp\/v2\/product\/5935","targetHints":{"allow":["GET"]}}],"collection":[{"href":"https:\/\/adhotelskaoprema.com\/en\/wp-json\/wp\/v2\/product"}],"about":[{"href":"https:\/\/adhotelskaoprema.com\/en\/wp-json\/wp\/v2\/types\/product"}],"wp:featuredmedia":[{"embeddable":true,"href":"https:\/\/adhotelskaoprema.com\/en\/wp-json\/wp\/v2\/media\/17378"}],"wp:attachment":[{"href":"https:\/\/adhotelskaoprema.com\/en\/wp-json\/wp\/v2\/media?parent=5935"}],"wp:term":[{"taxonomy":"product_brand","embeddable":true,"href":"https:\/\/adhotelskaoprema.com\/en\/wp-json\/wp\/v2\/product_brand?post=5935"},{"taxonomy":"product_cat","embeddable":true,"href":"https:\/\/adhotelskaoprema.com\/en\/wp-json\/wp\/v2\/product_cat?post=5935"},{"taxonomy":"product_tag","embeddable":true,"href":"https:\/\/adhotelskaoprema.com\/en\/wp-json\/wp\/v2\/product_tag?post=5935"}],"curies":[{"name":"wp","href":"https:\/\/api.w.org\/{rel}","templated":true}]}}