{"id":59269,"date":"2024-06-12T19:57:35","date_gmt":"2024-06-12T17:57:35","guid":{"rendered":"https:\/\/adhotelskaoprema.com\/?post_type=product&#038;p=59269"},"modified":"2025-05-26T16:23:56","modified_gmt":"2025-05-26T14:23:56","slug":"geneva-guild-losion-za-tijelo-30-ml-pakiranje-od-50-komada","status":"publish","type":"product","link":"https:\/\/adhotelskaoprema.com\/en\/proizvod\/geneva-guild-losion-za-tijelo-30-ml-pakiranje-od-50-komada\/","title":{"rendered":"GENEVA GUILD LOSION ZA TIJELO 30 ML (PAKIRANJE OD 50 KOMADA)"},"content":{"rendered":"<pre id=\"tw-target-text\" class=\"tw-data-text tw-text-large tw-ta\" dir=\"ltr\" data-placeholder=\"Prijevod\" aria-label=\"Prevedeni tekst\" data-ved=\"2ahUKEwjJp_jQttaGAxWX8LsIHe1rAc4Q3ewLegQIBRAU\"><span class=\"Y2IQFc\" lang=\"hr\">Geneva Guild hidratantna krema za tijelo \r\noboga\u0107ena je vitaminom E i shea maslacem.\r\n\r\nPROCJENA U\u010cINKOVITOSTI HIDRATACIJE*\r\nOva krema pove\u0107ava hidrataciju za +19,3% \r\nnakon 60 minuta ostavljaju\u0107i ko\u017eu hidratiziranom \r\ni nakon 24 sata (+9%)\r\n*Testirano u laboratoriju na 20 odraslih \r\nispitanika tijekom 24 sata.\r\n\r\nProizvedeno i pakirano u Italiji<\/span><\/pre>\n","protected":false},"excerpt":{"rendered":"<p>Geneva Guild hidratantna krema za tijelo oboga\u0107ena je vitaminom E i shea maslacem. PROCJENA U\u010cINKOVITOSTI HIDRATACIJE* Ova krema pove\u0107ava hidrataciju za +19,3% nakon 60 minuta ostavljaju\u0107i ko\u017eu hidratiziranom i nakon 24 sata (+9%) *Testirano u laboratoriju na 20 odraslih ispitanika tijekom 24 sata. Proizvedeno i pakirano u Italiji<\/p>\n","protected":false},"featured_media":59270,"template":"","meta":{"_acf_changed":false},"product_brand":[],"product_cat":[305],"product_tag":[],"class_list":{"0":"post-59269","1":"product","2":"type-product","3":"status-publish","4":"has-post-thumbnail","6":"product_cat-hotelska-kozmetika-geneva-guild","8":"first","9":"instock","10":"sale","11":"taxable","12":"shipping-taxable","13":"purchasable","14":"product-type-simple"},"acf":[],"_links":{"self":[{"href":"https:\/\/adhotelskaoprema.com\/en\/wp-json\/wp\/v2\/product\/59269","targetHints":{"allow":["GET"]}}],"collection":[{"href":"https:\/\/adhotelskaoprema.com\/en\/wp-json\/wp\/v2\/product"}],"about":[{"href":"https:\/\/adhotelskaoprema.com\/en\/wp-json\/wp\/v2\/types\/product"}],"wp:featuredmedia":[{"embeddable":true,"href":"https:\/\/adhotelskaoprema.com\/en\/wp-json\/wp\/v2\/media\/59270"}],"wp:attachment":[{"href":"https:\/\/adhotelskaoprema.com\/en\/wp-json\/wp\/v2\/media?parent=59269"}],"wp:term":[{"taxonomy":"product_brand","embeddable":true,"href":"https:\/\/adhotelskaoprema.com\/en\/wp-json\/wp\/v2\/product_brand?post=59269"},{"taxonomy":"product_cat","embeddable":true,"href":"https:\/\/adhotelskaoprema.com\/en\/wp-json\/wp\/v2\/product_cat?post=59269"},{"taxonomy":"product_tag","embeddable":true,"href":"https:\/\/adhotelskaoprema.com\/en\/wp-json\/wp\/v2\/product_tag?post=59269"}],"curies":[{"name":"wp","href":"https:\/\/api.w.org\/{rel}","templated":true}]}}