{"id":59259,"date":"2024-06-12T19:21:54","date_gmt":"2024-06-12T17:21:54","guid":{"rendered":"https:\/\/adhotelskaoprema.com\/?post_type=product&#038;p=59259"},"modified":"2025-03-21T22:00:37","modified_gmt":"2025-03-21T21:00:37","slug":"geneva-green-biljni-sapun-15-gr-pakiranje-od-50-komada","status":"publish","type":"product","link":"https:\/\/adhotelskaoprema.com\/en\/proizvod\/geneva-green-biljni-sapun-15-gr-pakiranje-od-50-komada\/","title":{"rendered":"GENEVA GREEN BILJNI SAPUN 15 GR (PAKIRANJE OD 50 KOMADA)"},"content":{"rendered":"<pre id=\"tw-target-text\" class=\"tw-data-text tw-text-large tw-ta\" dir=\"ltr\" data-placeholder=\"Prijevod\" aria-label=\"Prevedeni tekst\" data-ved=\"2ahUKEwjJp_jQttaGAxWX8LsIHe1rAc4Q3ewLegQIBRAU\"><span class=\"Y2IQFc\" lang=\"hr\">Geneva Green biljni sapun idealna je plo\u010dica \r\nza njegu tijela za svakodnevnu upotrebu.\r\n Njegovo nje\u017eno \u010di\u0161\u0107enje mo\u017ee se koristiti na cijelom \r\ntijelu kako bi ko\u017ea ostala \u010dista i osvje\u017eena.\r\nCijelo pakiranje se mo\u017ee 100% reciklirati, \r\nnikakav otpad ne mora i\u0107i na odlagali\u0161te.\r\n\r\nProizvedeno i pakirano u Italiji<\/span><\/pre>\n","protected":false},"excerpt":{"rendered":"<p>Geneva Green biljni sapun idealna je plo\u010dica za njegu tijela za svakodnevnu upotrebu. Njegovo nje\u017eno \u010di\u0161\u0107enje mo\u017ee se koristiti na cijelom tijelu kako bi ko\u017ea ostala \u010dista i osvje\u017eena. Cijelo pakiranje se mo\u017ee 100% reciklirati, nikakav otpad ne mora i\u0107i na odlagali\u0161te. Proizvedeno i pakirano u Italiji<\/p>\n","protected":false},"featured_media":59262,"template":"","meta":{"_acf_changed":false},"product_brand":[],"product_cat":[304],"product_tag":[],"class_list":{"0":"post-59259","1":"product","2":"type-product","3":"status-publish","4":"has-post-thumbnail","6":"product_cat-hotelska-kozmetika-geneva-green","8":"first","9":"instock","10":"sale","11":"taxable","12":"shipping-taxable","13":"purchasable","14":"product-type-simple"},"acf":[],"_links":{"self":[{"href":"https:\/\/adhotelskaoprema.com\/en\/wp-json\/wp\/v2\/product\/59259","targetHints":{"allow":["GET"]}}],"collection":[{"href":"https:\/\/adhotelskaoprema.com\/en\/wp-json\/wp\/v2\/product"}],"about":[{"href":"https:\/\/adhotelskaoprema.com\/en\/wp-json\/wp\/v2\/types\/product"}],"wp:featuredmedia":[{"embeddable":true,"href":"https:\/\/adhotelskaoprema.com\/en\/wp-json\/wp\/v2\/media\/59262"}],"wp:attachment":[{"href":"https:\/\/adhotelskaoprema.com\/en\/wp-json\/wp\/v2\/media?parent=59259"}],"wp:term":[{"taxonomy":"product_brand","embeddable":true,"href":"https:\/\/adhotelskaoprema.com\/en\/wp-json\/wp\/v2\/product_brand?post=59259"},{"taxonomy":"product_cat","embeddable":true,"href":"https:\/\/adhotelskaoprema.com\/en\/wp-json\/wp\/v2\/product_cat?post=59259"},{"taxonomy":"product_tag","embeddable":true,"href":"https:\/\/adhotelskaoprema.com\/en\/wp-json\/wp\/v2\/product_tag?post=59259"}],"curies":[{"name":"wp","href":"https:\/\/api.w.org\/{rel}","templated":true}]}}