{"id":59250,"date":"2024-06-12T19:18:03","date_gmt":"2024-06-12T17:18:03","guid":{"rendered":"https:\/\/adhotelskaoprema.com\/?post_type=product&#038;p=59250"},"modified":"2026-03-03T00:03:02","modified_gmt":"2026-03-02T23:03:02","slug":"geneva-green-gel-za-tusiranje-30-ml-pakiranje-od-50-komada","status":"publish","type":"product","link":"https:\/\/adhotelskaoprema.com\/en\/proizvod\/geneva-green-gel-za-tusiranje-30-ml-pakiranje-od-50-komada\/","title":{"rendered":"GENEVA GREEN GEL ZA TU\u0160IRANJE 30 ML (PAKIRANJE OD 50 KOMADA)"},"content":{"rendered":"<pre id=\"tw-target-text\" class=\"tw-data-text tw-text-large tw-ta\" dir=\"ltr\" data-placeholder=\"Prijevod\" aria-label=\"Prevedeni tekst\" data-ved=\"2ahUKEwjJp_jQttaGAxWX8LsIHe1rAc4Q3ewLegQIBRAU\"><span class=\"Y2IQFc\" lang=\"hr\">Geneva Green gel za tijelo nje\u017eno \u010disti ko\u017eu, \r\nformula laganog mirisa oboga\u0107ena je ekstraktom aloe vere.\r\n\r\n\u0160tedimo 83%* EMISIJA CO2 u proizvodnji plasti\u010dne \r\nsmole koja se koristi u na\u0161im \u010depovima i bocama.\r\n* ovi su podaci dostupni zahvaljuju\u0107i LCA izra\u010dunu \r\nna na\u0161im PET i PP smolama nakon upotrebe u usporedbi \r\ns \u010distom smolom.\r\n\r\nCijelo pakiranje se mo\u017ee 100% reciklirati, \r\nnikakav otpad ne ide na odlagali\u0161te.\r\n\r\nProizvedeno i pakirano u Italiji<\/span><\/pre>\n","protected":false},"excerpt":{"rendered":"<p>Geneva Green gel za tijelo nje\u017eno \u010disti ko\u017eu, formula laganog mirisa oboga\u0107ena je ekstraktom aloe vere. \u0160tedimo 83%* EMISIJA CO2 u proizvodnji plasti\u010dne smole koja se koristi u na\u0161im \u010depovima i bocama. * ovi su podaci dostupni zahvaljuju\u0107i LCA izra\u010dunu na na\u0161im PET i PP smolama nakon upotrebe u usporedbi s \u010distom smolom. Cijelo pakiranje [&hellip;]<\/p>\n","protected":false},"featured_media":59251,"template":"","meta":{"_acf_changed":false},"product_brand":[],"product_cat":[304],"product_tag":[],"class_list":{"0":"post-59250","1":"product","2":"type-product","3":"status-publish","4":"has-post-thumbnail","6":"product_cat-hotelska-kozmetika-geneva-green","8":"first","9":"outofstock","10":"sale","11":"taxable","12":"shipping-taxable","13":"purchasable","14":"product-type-simple"},"acf":[],"_links":{"self":[{"href":"https:\/\/adhotelskaoprema.com\/en\/wp-json\/wp\/v2\/product\/59250","targetHints":{"allow":["GET"]}}],"collection":[{"href":"https:\/\/adhotelskaoprema.com\/en\/wp-json\/wp\/v2\/product"}],"about":[{"href":"https:\/\/adhotelskaoprema.com\/en\/wp-json\/wp\/v2\/types\/product"}],"wp:featuredmedia":[{"embeddable":true,"href":"https:\/\/adhotelskaoprema.com\/en\/wp-json\/wp\/v2\/media\/59251"}],"wp:attachment":[{"href":"https:\/\/adhotelskaoprema.com\/en\/wp-json\/wp\/v2\/media?parent=59250"}],"wp:term":[{"taxonomy":"product_brand","embeddable":true,"href":"https:\/\/adhotelskaoprema.com\/en\/wp-json\/wp\/v2\/product_brand?post=59250"},{"taxonomy":"product_cat","embeddable":true,"href":"https:\/\/adhotelskaoprema.com\/en\/wp-json\/wp\/v2\/product_cat?post=59250"},{"taxonomy":"product_tag","embeddable":true,"href":"https:\/\/adhotelskaoprema.com\/en\/wp-json\/wp\/v2\/product_tag?post=59250"}],"curies":[{"name":"wp","href":"https:\/\/api.w.org\/{rel}","templated":true}]}}