{"id":59226,"date":"2024-06-12T18:55:52","date_gmt":"2024-06-12T16:55:52","guid":{"rendered":"https:\/\/adhotelskaoprema.com\/?post_type=product&#038;p=59226"},"modified":"2025-03-21T22:00:37","modified_gmt":"2025-03-21T21:00:37","slug":"gevena-green-losion-za-tijelo-40-ml-pakiranje-od-50-komada","status":"publish","type":"product","link":"https:\/\/adhotelskaoprema.com\/en\/proizvod\/gevena-green-losion-za-tijelo-40-ml-pakiranje-od-50-komada\/","title":{"rendered":"GENEVA GREEN LOSION ZA TIJELO 30 ML (PAKIRANJE OD 50 KOMADA)"},"content":{"rendered":"<pre id=\"tw-target-text\" class=\"tw-data-text tw-text-large tw-ta\" dir=\"ltr\" data-placeholder=\"Prijevod\" aria-label=\"Prevedeni tekst\" data-ved=\"2ahUKEwjJp_jQttaGAxWX8LsIHe1rAc4Q3ewLegQIBRAU\"><span class=\"Y2IQFc\" lang=\"hr\">Geneva Green losion za tijelo oboga\u0107en je vitaminom E \r\ni shea maslacem.\r\n\r\nPROCJENA U\u010cINKOVITOSTI HIDRATACIJE*\r\nOva krema pove\u0107ava hidrataciju za +19,3% nakon 60 minuta \r\nostavljaju\u0107i ko\u017eu hidratiziranom i nakon 24 sata (+9%)\r\n*Testirano u laboratoriju na 20 odraslih ispitanika tijekom 24 sata.\r\n\r\n\u0160tedimo 83%* EMISIJA CO2 u proizvodnji plasti\u010dne smole koja \r\nse koristi u na\u0161im \u010depovima i bocama.\r\n* ovi su podaci dostupni zahvaljuju\u0107i LCA izra\u010dunu na \r\nna\u0161im PET i PP smolama nakon upotrebe u usporedbi s \u010distom smolom.\r\n\r\nCijelo pakiranje se mo\u017ee 100% reciklirati, nikakav otpad \r\nne ide na odlagali\u0161te.\r\n\r\nProizvedeno i pakirano u Italiji<\/span><\/pre>\n","protected":false},"excerpt":{"rendered":"<p>Geneva Green losion za tijelo oboga\u0107en je vitaminom E i shea maslacem. PROCJENA U\u010cINKOVITOSTI HIDRATACIJE* Ova krema pove\u0107ava hidrataciju za +19,3% nakon 60 minuta ostavljaju\u0107i ko\u017eu hidratiziranom i nakon 24 sata (+9%) *Testirano u laboratoriju na 20 odraslih ispitanika tijekom 24 sata. \u0160tedimo 83%* EMISIJA CO2 u proizvodnji plasti\u010dne smole koja se koristi u na\u0161im [&hellip;]<\/p>\n","protected":false},"featured_media":59239,"template":"","meta":{"_acf_changed":false},"product_brand":[],"product_cat":[304],"product_tag":[],"class_list":{"0":"post-59226","1":"product","2":"type-product","3":"status-publish","4":"has-post-thumbnail","6":"product_cat-hotelska-kozmetika-geneva-green","8":"first","9":"instock","10":"sale","11":"taxable","12":"shipping-taxable","13":"purchasable","14":"product-type-simple"},"acf":[],"_links":{"self":[{"href":"https:\/\/adhotelskaoprema.com\/en\/wp-json\/wp\/v2\/product\/59226","targetHints":{"allow":["GET"]}}],"collection":[{"href":"https:\/\/adhotelskaoprema.com\/en\/wp-json\/wp\/v2\/product"}],"about":[{"href":"https:\/\/adhotelskaoprema.com\/en\/wp-json\/wp\/v2\/types\/product"}],"wp:featuredmedia":[{"embeddable":true,"href":"https:\/\/adhotelskaoprema.com\/en\/wp-json\/wp\/v2\/media\/59239"}],"wp:attachment":[{"href":"https:\/\/adhotelskaoprema.com\/en\/wp-json\/wp\/v2\/media?parent=59226"}],"wp:term":[{"taxonomy":"product_brand","embeddable":true,"href":"https:\/\/adhotelskaoprema.com\/en\/wp-json\/wp\/v2\/product_brand?post=59226"},{"taxonomy":"product_cat","embeddable":true,"href":"https:\/\/adhotelskaoprema.com\/en\/wp-json\/wp\/v2\/product_cat?post=59226"},{"taxonomy":"product_tag","embeddable":true,"href":"https:\/\/adhotelskaoprema.com\/en\/wp-json\/wp\/v2\/product_tag?post=59226"}],"curies":[{"name":"wp","href":"https:\/\/api.w.org\/{rel}","templated":true}]}}