{"id":59210,"date":"2024-06-12T18:35:51","date_gmt":"2024-06-12T16:35:51","guid":{"rendered":"https:\/\/adhotelskaoprema.com\/?post_type=product&#038;p=59210"},"modified":"2025-02-10T12:14:17","modified_gmt":"2025-02-10T11:14:17","slug":"prija-omeksavajuci-sapun-25-gr-pakiranje-od-54-komada","status":"publish","type":"product","link":"https:\/\/adhotelskaoprema.com\/en\/proizvod\/prija-omeksavajuci-sapun-25-gr-pakiranje-od-54-komada\/","title":{"rendered":"PRIJA OMEK\u0160AVAJU\u0106I SAPUN 25 GR (PAKIRANJE OD 54 KOMADA)"},"content":{"rendered":"<pre id=\"tw-target-text\" class=\"tw-data-text tw-text-large tw-ta\" dir=\"ltr\" data-placeholder=\"Prijevod\" aria-label=\"Prevedeni tekst\" data-ved=\"2ahUKEwjJp_jQttaGAxWX8LsIHe1rAc4Q3ewLegQIBRAU\"><span class=\"Y2IQFc\" lang=\"hr\">\u010cvrsti sapun koji sadr\u017ei biljne ekstrakte za \r\nsvakodnevno \u010di\u0161\u0107enje. Oboga\u0107en biljnim glicerinom, \r\ndragocjenim saveznikom za odr\u017eavanje i obnavljanje \r\nhidratacije ko\u017ee tijekom \u010di\u0161\u0107enja.\r\n\r\nVEGANOK certificiran\r\n\r\nProizvedeno i pakirano u Italiji<\/span><\/pre>\n","protected":false},"excerpt":{"rendered":"<p>\u010cvrsti sapun koji sadr\u017ei biljne ekstrakte za svakodnevno \u010di\u0161\u0107enje. Oboga\u0107en biljnim glicerinom, dragocjenim saveznikom za odr\u017eavanje i obnavljanje hidratacije ko\u017ee tijekom \u010di\u0161\u0107enja. VEGANOK certificiran Proizvedeno i pakirano u Italiji<\/p>\n","protected":false},"featured_media":59211,"template":"","meta":{"_acf_changed":false},"product_brand":[],"product_cat":[303],"product_tag":[],"class_list":{"0":"post-59210","1":"product","2":"type-product","3":"status-publish","4":"has-post-thumbnail","6":"product_cat-hotelska-kozmetika-prija","8":"first","9":"instock","10":"sale","11":"taxable","12":"shipping-taxable","13":"purchasable","14":"product-type-simple"},"acf":[],"_links":{"self":[{"href":"https:\/\/adhotelskaoprema.com\/en\/wp-json\/wp\/v2\/product\/59210","targetHints":{"allow":["GET"]}}],"collection":[{"href":"https:\/\/adhotelskaoprema.com\/en\/wp-json\/wp\/v2\/product"}],"about":[{"href":"https:\/\/adhotelskaoprema.com\/en\/wp-json\/wp\/v2\/types\/product"}],"wp:featuredmedia":[{"embeddable":true,"href":"https:\/\/adhotelskaoprema.com\/en\/wp-json\/wp\/v2\/media\/59211"}],"wp:attachment":[{"href":"https:\/\/adhotelskaoprema.com\/en\/wp-json\/wp\/v2\/media?parent=59210"}],"wp:term":[{"taxonomy":"product_brand","embeddable":true,"href":"https:\/\/adhotelskaoprema.com\/en\/wp-json\/wp\/v2\/product_brand?post=59210"},{"taxonomy":"product_cat","embeddable":true,"href":"https:\/\/adhotelskaoprema.com\/en\/wp-json\/wp\/v2\/product_cat?post=59210"},{"taxonomy":"product_tag","embeddable":true,"href":"https:\/\/adhotelskaoprema.com\/en\/wp-json\/wp\/v2\/product_tag?post=59210"}],"curies":[{"name":"wp","href":"https:\/\/api.w.org\/{rel}","templated":true}]}}