{"id":59182,"date":"2024-06-12T17:59:16","date_gmt":"2024-06-12T15:59:16","guid":{"rendered":"https:\/\/adhotelskaoprema.com\/?post_type=product&#038;p=59182"},"modified":"2025-03-18T14:42:42","modified_gmt":"2025-03-18T13:42:42","slug":"prija-vitalizirajuci-gel-za-pranje-ruku-380-ml","status":"publish","type":"product","link":"https:\/\/adhotelskaoprema.com\/en\/proizvod\/prija-vitalizirajuci-gel-za-pranje-ruku-380-ml\/","title":{"rendered":"PRIJA VITALIZIRAJU\u0106I GEL ZA PRANJE RUKU 380 ML"},"content":{"rendered":"<pre id=\"tw-target-text\" class=\"tw-data-text tw-text-large tw-ta\" dir=\"ltr\" data-placeholder=\"Prijevod\" aria-label=\"Prevedeni tekst\" data-ved=\"2ahUKEwjJp_jQttaGAxWX8LsIHe1rAc4Q3ewLegQIBRAU\"><span class=\"Y2IQFc\" lang=\"hr\">Teku\u0107i sapun za ruke za svakodnevnu higijenu. \r\nNje\u017eno \u010disti ruke, obavijaju\u0107im mirisom Prije, \r\nza trenuta\u010dni osje\u0107aj vitalnosti i blagostanja.\r\nOboga\u0107en ekstraktom ginsenga. \r\nOsna\u017euju\u0107a svojstva biljke Ginseng poznata su na Istoku \r\nve\u0107 stolje\u0107ima. \r\nEkstrakti iz korijena imaju okrepljuju\u0107e i \r\nrevitaliziraju\u0107e djelovanje na ko\u017eu.\r\nObuzimaju\u0107i miris koji spaja snagu i karakter \r\ns toplom i opu\u0161taju\u0107om atmosferom.\r\n\r\nProizvod 100% proizveden u Italiji, napravljen od 100% \r\nreciklirane boce koja se mo\u017ee reciklirati. \r\nPunjivi dozator.\r\n\r\nVEGANOK certificiran\r\n\r\nProizvedeno i pakirano u Italiji<\/span><\/pre>\n","protected":false},"excerpt":{"rendered":"<p>Teku\u0107i sapun za ruke za svakodnevnu higijenu. Nje\u017eno \u010disti ruke, obavijaju\u0107im mirisom Prije, za trenuta\u010dni osje\u0107aj vitalnosti i blagostanja. Oboga\u0107en ekstraktom ginsenga. Osna\u017euju\u0107a svojstva biljke Ginseng poznata su na Istoku ve\u0107 stolje\u0107ima. Ekstrakti iz korijena imaju okrepljuju\u0107e i revitaliziraju\u0107e djelovanje na ko\u017eu. Obuzimaju\u0107i miris koji spaja snagu i karakter s toplom i opu\u0161taju\u0107om atmosferom. Proizvod [&hellip;]<\/p>\n","protected":false},"featured_media":59183,"template":"","meta":{"_acf_changed":false},"product_brand":[],"product_cat":[303],"product_tag":[],"class_list":{"0":"post-59182","1":"product","2":"type-product","3":"status-publish","4":"has-post-thumbnail","6":"product_cat-hotelska-kozmetika-prija","8":"first","9":"instock","10":"sale","11":"taxable","12":"shipping-taxable","13":"purchasable","14":"product-type-simple"},"acf":[],"_links":{"self":[{"href":"https:\/\/adhotelskaoprema.com\/en\/wp-json\/wp\/v2\/product\/59182","targetHints":{"allow":["GET"]}}],"collection":[{"href":"https:\/\/adhotelskaoprema.com\/en\/wp-json\/wp\/v2\/product"}],"about":[{"href":"https:\/\/adhotelskaoprema.com\/en\/wp-json\/wp\/v2\/types\/product"}],"wp:featuredmedia":[{"embeddable":true,"href":"https:\/\/adhotelskaoprema.com\/en\/wp-json\/wp\/v2\/media\/59183"}],"wp:attachment":[{"href":"https:\/\/adhotelskaoprema.com\/en\/wp-json\/wp\/v2\/media?parent=59182"}],"wp:term":[{"taxonomy":"product_brand","embeddable":true,"href":"https:\/\/adhotelskaoprema.com\/en\/wp-json\/wp\/v2\/product_brand?post=59182"},{"taxonomy":"product_cat","embeddable":true,"href":"https:\/\/adhotelskaoprema.com\/en\/wp-json\/wp\/v2\/product_cat?post=59182"},{"taxonomy":"product_tag","embeddable":true,"href":"https:\/\/adhotelskaoprema.com\/en\/wp-json\/wp\/v2\/product_tag?post=59182"}],"curies":[{"name":"wp","href":"https:\/\/api.w.org\/{rel}","templated":true}]}}