{"id":59131,"date":"2024-06-11T23:21:19","date_gmt":"2024-06-11T21:21:19","guid":{"rendered":"https:\/\/adhotelskaoprema.com\/?post_type=product&#038;p=59131"},"modified":"2024-06-18T16:17:48","modified_gmt":"2024-06-18T14:17:48","slug":"naslonjac-na-razvlacenje-ale-160x200-2","status":"publish","type":"product","link":"https:\/\/adhotelskaoprema.com\/en\/proizvod\/naslonjac-na-razvlacenje-ale-160x200-2\/","title":{"rendered":"Naslonja\u010d na razvla\u010denje Al\u00e8  (160\u00d7200)"},"content":{"rendered":"<p>Iz jednog projekta, koji je veliku pa\u017enju posvetio ergonomiji i obilje\u017een velikodu\u0161nim dizajnom inspiriranim modernim sofama sa \u0161irokim sjedalom, osmi\u0161ljene su dvije nove sofe: Al\u00ec i Al\u00e9.<\/p>\n<p>Oba kriju tehnolo\u0161ko srce: krevet spreman za otvaranje koji je izra\u0111en od elektro-zavarenog \u010deli\u010dnog okvira, madrac je ispunjen poliuretanom visoke gusto\u0107e, lateksom ili oprugama.<\/p>\n<p>Za odabir boje i materijala javit se na mail<strong> info@adhotelska.com<\/strong><\/p>\n<p>&nbsp;<\/p>\n<p>Rok isporuke 25 do 30 dana. Zemlja podrijetla Italija.<\/p>\n","protected":false},"excerpt":{"rendered":"<p>Iz jednog projekta, koji je veliku pa\u017enju posvetio ergonomiji i obilje\u017een velikodu\u0161nim dizajnom inspiriranim modernim sofama sa \u0161irokim sjedalom, osmi\u0161ljene su dvije nove sofe: Al\u00ec i Al\u00e9. Oba kriju tehnolo\u0161ko srce: krevet spreman za otvaranje koji je izra\u0111en od elektro-zavarenog \u010deli\u010dnog okvira, madrac je ispunjen poliuretanom visoke gusto\u0107e, lateksom ili oprugama. Za odabir boje i [&hellip;]<\/p>\n","protected":false},"featured_media":59153,"template":"","meta":{"_acf_changed":false},"product_brand":[],"product_cat":[301],"product_tag":[],"class_list":{"0":"post-59131","1":"product","2":"type-product","3":"status-publish","4":"has-post-thumbnail","6":"product_cat-kauc-na-razvlacenje","8":"first","9":"instock","10":"taxable","11":"shipping-taxable","12":"purchasable","13":"product-type-simple"},"acf":[],"_links":{"self":[{"href":"https:\/\/adhotelskaoprema.com\/en\/wp-json\/wp\/v2\/product\/59131","targetHints":{"allow":["GET"]}}],"collection":[{"href":"https:\/\/adhotelskaoprema.com\/en\/wp-json\/wp\/v2\/product"}],"about":[{"href":"https:\/\/adhotelskaoprema.com\/en\/wp-json\/wp\/v2\/types\/product"}],"wp:featuredmedia":[{"embeddable":true,"href":"https:\/\/adhotelskaoprema.com\/en\/wp-json\/wp\/v2\/media\/59153"}],"wp:attachment":[{"href":"https:\/\/adhotelskaoprema.com\/en\/wp-json\/wp\/v2\/media?parent=59131"}],"wp:term":[{"taxonomy":"product_brand","embeddable":true,"href":"https:\/\/adhotelskaoprema.com\/en\/wp-json\/wp\/v2\/product_brand?post=59131"},{"taxonomy":"product_cat","embeddable":true,"href":"https:\/\/adhotelskaoprema.com\/en\/wp-json\/wp\/v2\/product_cat?post=59131"},{"taxonomy":"product_tag","embeddable":true,"href":"https:\/\/adhotelskaoprema.com\/en\/wp-json\/wp\/v2\/product_tag?post=59131"}],"curies":[{"name":"wp","href":"https:\/\/api.w.org\/{rel}","templated":true}]}}