{"id":5908,"date":"2024-02-05T10:22:46","date_gmt":"2024-02-05T09:22:46","guid":{"rendered":"https:\/\/adhotelskaoprema.com\/proizvod\/plahta-sa-gumicom-za-madrac-100-x-200-cm-5-star\/"},"modified":"2025-02-27T09:49:35","modified_gmt":"2025-02-27T08:49:35","slug":"plahta-sa-gumicom-za-madrac-100-x-200-cm-5-star","status":"publish","type":"product","link":"https:\/\/adhotelskaoprema.com\/en\/proizvod\/plahta-sa-gumicom-za-madrac-100-x-200-cm-5-star\/","title":{"rendered":"Plahta sa gumicom za madrac 100 x 200 cm (5 star)"},"content":{"rendered":"<p>Za madrac maksimalne visine 30 cm<\/p>\n<p>Bijele boje , 300 TC<\/p>\n<p>Vrhunska kvaliteta za hotele sa 5 zvjezdice.<\/p>\n<p>Rok isporuke 20 &#8211; 30 dana.<\/p>\n<p>Tkanina: 100% pamuk. Visoka izdr\u017eljivost. <\/p>\n<p>Mogu\u0107nost narud\u017ebe uzorne jastu\u010dnice, dimenzija 30 x 30 cm radi testiranja (pranje i gla\u010danje).<\/p>\n","protected":false},"excerpt":{"rendered":"<p>Za madrac maksimalne visine 30 cm Bijele boje , 300 TC Vrhunska kvaliteta za hotele sa 5 zvjezdice. Rok isporuke 20 &#8211; 30 dana. Tkanina: 100% pamuk. Visoka izdr\u017eljivost. Mogu\u0107nost narud\u017ebe uzorne jastu\u010dnice, dimenzija 30 x 30 cm radi testiranja (pranje i gla\u010danje).<\/p>\n","protected":false},"featured_media":520,"template":"","meta":{"_acf_changed":false},"product_brand":[],"product_cat":[21,26],"product_tag":[],"class_list":{"0":"post-5908","1":"product","2":"type-product","3":"status-publish","4":"has-post-thumbnail","6":"product_cat-hotelska-posteljina","7":"product_cat-posteljina-za-krevet-90-100-x-200-cm","9":"first","10":"outofstock","11":"sale","12":"taxable","13":"shipping-taxable","14":"purchasable","15":"product-type-simple"},"acf":[],"_links":{"self":[{"href":"https:\/\/adhotelskaoprema.com\/en\/wp-json\/wp\/v2\/product\/5908","targetHints":{"allow":["GET"]}}],"collection":[{"href":"https:\/\/adhotelskaoprema.com\/en\/wp-json\/wp\/v2\/product"}],"about":[{"href":"https:\/\/adhotelskaoprema.com\/en\/wp-json\/wp\/v2\/types\/product"}],"wp:featuredmedia":[{"embeddable":true,"href":"https:\/\/adhotelskaoprema.com\/en\/wp-json\/wp\/v2\/media\/520"}],"wp:attachment":[{"href":"https:\/\/adhotelskaoprema.com\/en\/wp-json\/wp\/v2\/media?parent=5908"}],"wp:term":[{"taxonomy":"product_brand","embeddable":true,"href":"https:\/\/adhotelskaoprema.com\/en\/wp-json\/wp\/v2\/product_brand?post=5908"},{"taxonomy":"product_cat","embeddable":true,"href":"https:\/\/adhotelskaoprema.com\/en\/wp-json\/wp\/v2\/product_cat?post=5908"},{"taxonomy":"product_tag","embeddable":true,"href":"https:\/\/adhotelskaoprema.com\/en\/wp-json\/wp\/v2\/product_tag?post=5908"}],"curies":[{"name":"wp","href":"https:\/\/api.w.org\/{rel}","templated":true}]}}