{"id":59033,"date":"2024-06-10T20:57:57","date_gmt":"2024-06-10T18:57:57","guid":{"rendered":"https:\/\/adhotelskaoprema.com\/?post_type=product&#038;p=59033"},"modified":"2024-06-10T20:57:58","modified_gmt":"2024-06-10T18:57:58","slug":"naslonjac-na-razvlacenje-woody-85x187","status":"publish","type":"product","link":"https:\/\/adhotelskaoprema.com\/en\/proizvod\/naslonjac-na-razvlacenje-woody-85x187\/","title":{"rendered":"Naslonja\u010d na razvla\u010denje WOODY( 85&#215;187)"},"content":{"rendered":"<p><span>Formalne i tehnolo\u0161ke kvalitete\u00a0\u00a0<\/span><strong><span>Woodyja<\/span><\/strong><span>\u00a0\u00a0mogu se definirati rije\u010dima klasi\u010dno i brzo. Kao i svi modeli u kolekciji dolazi u\u00a0\u00a0<\/span><strong><span>varijanti fotelje i sofe<\/span><\/strong><span>\u00a0. Uklapa se u svaki tip doma, zahvaljuju\u0107i svojim \u010distim, modernim linijama, a opremljen je rukama i jastucima, s iznena\u0111uju\u0107e brzim unutarnjim mehanizmom. <\/span><span>Sofa se nevjerojatno brzo razvla\u010di i naslon postaje uzglavlje, a idealan krevet\u00a0\u00a0<\/span><strong><span>za jednu osobu ili bra\u010dni krevet<\/span><\/strong><span>\u00a0\u00a0odmah je spreman za kori\u0161tenje.<\/span><\/p>\n<p>&nbsp;<\/p>\n<p>Rok isporuke 25 do 30 dana. Zemlja podrijetla Italija.<\/p>\n","protected":false},"excerpt":{"rendered":"<p>Formalne i tehnolo\u0161ke kvalitete\u00a0\u00a0Woodyja\u00a0\u00a0mogu se definirati rije\u010dima klasi\u010dno i brzo. Kao i svi modeli u kolekciji dolazi u\u00a0\u00a0varijanti fotelje i sofe\u00a0. Uklapa se u svaki tip doma, zahvaljuju\u0107i svojim \u010distim, modernim linijama, a opremljen je rukama i jastucima, s iznena\u0111uju\u0107e brzim unutarnjim mehanizmom. Sofa se nevjerojatno brzo razvla\u010di i naslon postaje uzglavlje, a idealan krevet\u00a0\u00a0za [&hellip;]<\/p>\n","protected":false},"featured_media":59035,"template":"","meta":{"_acf_changed":false},"product_brand":[],"product_cat":[301],"product_tag":[],"class_list":{"0":"post-59033","1":"product","2":"type-product","3":"status-publish","4":"has-post-thumbnail","6":"product_cat-kauc-na-razvlacenje","8":"first","9":"instock","10":"taxable","11":"shipping-taxable","12":"purchasable","13":"product-type-simple"},"acf":[],"_links":{"self":[{"href":"https:\/\/adhotelskaoprema.com\/en\/wp-json\/wp\/v2\/product\/59033","targetHints":{"allow":["GET"]}}],"collection":[{"href":"https:\/\/adhotelskaoprema.com\/en\/wp-json\/wp\/v2\/product"}],"about":[{"href":"https:\/\/adhotelskaoprema.com\/en\/wp-json\/wp\/v2\/types\/product"}],"wp:featuredmedia":[{"embeddable":true,"href":"https:\/\/adhotelskaoprema.com\/en\/wp-json\/wp\/v2\/media\/59035"}],"wp:attachment":[{"href":"https:\/\/adhotelskaoprema.com\/en\/wp-json\/wp\/v2\/media?parent=59033"}],"wp:term":[{"taxonomy":"product_brand","embeddable":true,"href":"https:\/\/adhotelskaoprema.com\/en\/wp-json\/wp\/v2\/product_brand?post=59033"},{"taxonomy":"product_cat","embeddable":true,"href":"https:\/\/adhotelskaoprema.com\/en\/wp-json\/wp\/v2\/product_cat?post=59033"},{"taxonomy":"product_tag","embeddable":true,"href":"https:\/\/adhotelskaoprema.com\/en\/wp-json\/wp\/v2\/product_tag?post=59033"}],"curies":[{"name":"wp","href":"https:\/\/api.w.org\/{rel}","templated":true}]}}