{"id":5902,"date":"2024-02-05T10:22:46","date_gmt":"2024-02-05T09:22:46","guid":{"rendered":"https:\/\/adhotelskaoprema.com\/proizvod\/navlaka-za-jastuk-50-x-70-cm-bijela-na-pruge-satenski-pamuk\/"},"modified":"2025-02-07T12:24:15","modified_gmt":"2025-02-07T11:24:15","slug":"navlaka-za-jastuk-50-x-70-cm-bijela-na-pruge-satenski-pamuk","status":"publish","type":"product","link":"https:\/\/adhotelskaoprema.com\/en\/proizvod\/navlaka-za-jastuk-50-x-70-cm-bijela-na-pruge-satenski-pamuk\/","title":{"rendered":"Navlaka za jastuk 50 x 70 cm bijela na pruge ( Satenski pamuk )"},"content":{"rendered":"<p>Navlaka za jastuk (\u0161xd): 50 x 70 cm, na pruge 2 cm \u0161irine<\/p>\n<p>Za jastuk dimenzija 50 x 70 cm<\/p>\n<p>Boja: bijela. 230 TC<\/p>\n<p>Na\u010din \u0161ivanja: preklop.<\/p>\n<p>Kvaliteta za hotele sa 4 i 5 zvjezdice.<\/p>\n<p>Rok isporuke 20-30 dana.<\/p>\n<p>Tkanina: 100% pamuk. Visoka izdr\u017eljivost. <\/p>\n<p>Mogu\u0107nost narud\u017ebe uzorne jastu\u010dnice, dimenzija 30 x 30 cm radi testiranja (pranje i gla\u010danje).<\/p>\n","protected":false},"excerpt":{"rendered":"<p>Navlaka za jastuk (\u0161xd): 50 x 70 cm, na pruge 2 cm \u0161irine Za jastuk dimenzija 50 x 70 cm Boja: bijela. 230 TC Na\u010din \u0161ivanja: preklop. Kvaliteta za hotele sa 4 i 5 zvjezdice. Rok isporuke 20-30 dana. Tkanina: 100% pamuk. Visoka izdr\u017eljivost. Mogu\u0107nost narud\u017ebe uzorne jastu\u010dnice, dimenzija 30 x 30 cm radi testiranja [&hellip;]<\/p>\n","protected":false},"featured_media":906,"template":"","meta":{"_acf_changed":false},"product_brand":[],"product_cat":[21,26,23,24,25],"product_tag":[],"class_list":{"0":"post-5902","1":"product","2":"type-product","3":"status-publish","4":"has-post-thumbnail","6":"product_cat-hotelska-posteljina","7":"product_cat-posteljina-za-krevet-90-100-x-200-cm","8":"product_cat-posteljina-za-krevet-160-x-200-cm","9":"product_cat-posteljina-za-krevet-180-x-200-cm","10":"product_cat-posteljina-za-krevet-200-x-200-cm","12":"first","13":"outofstock","14":"sale","15":"taxable","16":"shipping-taxable","17":"purchasable","18":"product-type-simple"},"acf":[],"_links":{"self":[{"href":"https:\/\/adhotelskaoprema.com\/en\/wp-json\/wp\/v2\/product\/5902","targetHints":{"allow":["GET"]}}],"collection":[{"href":"https:\/\/adhotelskaoprema.com\/en\/wp-json\/wp\/v2\/product"}],"about":[{"href":"https:\/\/adhotelskaoprema.com\/en\/wp-json\/wp\/v2\/types\/product"}],"wp:featuredmedia":[{"embeddable":true,"href":"https:\/\/adhotelskaoprema.com\/en\/wp-json\/wp\/v2\/media\/906"}],"wp:attachment":[{"href":"https:\/\/adhotelskaoprema.com\/en\/wp-json\/wp\/v2\/media?parent=5902"}],"wp:term":[{"taxonomy":"product_brand","embeddable":true,"href":"https:\/\/adhotelskaoprema.com\/en\/wp-json\/wp\/v2\/product_brand?post=5902"},{"taxonomy":"product_cat","embeddable":true,"href":"https:\/\/adhotelskaoprema.com\/en\/wp-json\/wp\/v2\/product_cat?post=5902"},{"taxonomy":"product_tag","embeddable":true,"href":"https:\/\/adhotelskaoprema.com\/en\/wp-json\/wp\/v2\/product_tag?post=5902"}],"curies":[{"name":"wp","href":"https:\/\/api.w.org\/{rel}","templated":true}]}}