{"id":59000,"date":"2024-06-10T20:32:51","date_gmt":"2024-06-10T18:32:51","guid":{"rendered":"https:\/\/adhotelskaoprema.com\/?post_type=product&#038;p=59000"},"modified":"2024-06-10T20:32:51","modified_gmt":"2024-06-10T18:32:51","slug":"naslonjac-na-razvlacenje-flower-160x190","status":"publish","type":"product","link":"https:\/\/adhotelskaoprema.com\/en\/proizvod\/naslonjac-na-razvlacenje-flower-160x190\/","title":{"rendered":"Naslonja\u010d na razvla\u010denje FLOWER (160&#215;190)"},"content":{"rendered":"<p>Modularni sustav Flower Giulia Manzonija (2019.) omogu\u0107uje vam da izgradite beskrajna prilago\u0111ena rje\u0161enja, s udobnim i prikladnim linearnim ili kutnim sustavima, sa ili bez kreveta, zahvaljuju\u0107i modulima za ugradnju.<\/p>\n<p>Elegantna i udobna sofa s visokokvalitetnim krevetom.<\/p>\n<p>&nbsp;<\/p>\n<p>&nbsp;<\/p>\n<p>Rok isporuke 25 do 30 dana. Zemlja podrijetla Italija.<\/p>\n","protected":false},"excerpt":{"rendered":"<p>Modularni sustav Flower Giulia Manzonija (2019.) omogu\u0107uje vam da izgradite beskrajna prilago\u0111ena rje\u0161enja, s udobnim i prikladnim linearnim ili kutnim sustavima, sa ili bez kreveta, zahvaljuju\u0107i modulima za ugradnju. Elegantna i udobna sofa s visokokvalitetnim krevetom. &nbsp; &nbsp; Rok isporuke 25 do 30 dana. Zemlja podrijetla Italija.<\/p>\n","protected":false},"featured_media":59029,"template":"","meta":{"_acf_changed":false},"product_brand":[],"product_cat":[301],"product_tag":[],"class_list":{"0":"post-59000","1":"product","2":"type-product","3":"status-publish","4":"has-post-thumbnail","6":"product_cat-kauc-na-razvlacenje","8":"first","9":"instock","10":"taxable","11":"shipping-taxable","12":"purchasable","13":"product-type-simple"},"acf":[],"_links":{"self":[{"href":"https:\/\/adhotelskaoprema.com\/en\/wp-json\/wp\/v2\/product\/59000","targetHints":{"allow":["GET"]}}],"collection":[{"href":"https:\/\/adhotelskaoprema.com\/en\/wp-json\/wp\/v2\/product"}],"about":[{"href":"https:\/\/adhotelskaoprema.com\/en\/wp-json\/wp\/v2\/types\/product"}],"wp:featuredmedia":[{"embeddable":true,"href":"https:\/\/adhotelskaoprema.com\/en\/wp-json\/wp\/v2\/media\/59029"}],"wp:attachment":[{"href":"https:\/\/adhotelskaoprema.com\/en\/wp-json\/wp\/v2\/media?parent=59000"}],"wp:term":[{"taxonomy":"product_brand","embeddable":true,"href":"https:\/\/adhotelskaoprema.com\/en\/wp-json\/wp\/v2\/product_brand?post=59000"},{"taxonomy":"product_cat","embeddable":true,"href":"https:\/\/adhotelskaoprema.com\/en\/wp-json\/wp\/v2\/product_cat?post=59000"},{"taxonomy":"product_tag","embeddable":true,"href":"https:\/\/adhotelskaoprema.com\/en\/wp-json\/wp\/v2\/product_tag?post=59000"}],"curies":[{"name":"wp","href":"https:\/\/api.w.org\/{rel}","templated":true}]}}