{"id":58972,"date":"2024-06-10T20:29:25","date_gmt":"2024-06-10T18:29:25","guid":{"rendered":"https:\/\/adhotelskaoprema.com\/?post_type=product&#038;p=58972"},"modified":"2024-06-10T20:29:26","modified_gmt":"2024-06-10T18:29:26","slug":"naslonjac-na-razvlacenje-flower-80x190","status":"publish","type":"product","link":"https:\/\/adhotelskaoprema.com\/en\/proizvod\/naslonjac-na-razvlacenje-flower-80x190\/","title":{"rendered":"Naslonja\u010d na razvla\u010denje FLOWER (80&#215;190)"},"content":{"rendered":"<p>Modularni sustav Flower Giulia Manzonija (2019.) omogu\u0107uje vam da izgradite beskrajna prilago\u0111ena rje\u0161enja, s udobnim i prikladnim linearnim ili kutnim sustavima, sa ili bez kreveta, zahvaljuju\u0107i modulima za ugradnju.<\/p>\n<p>Elegantna i udobna sofa s visokokvalitetnim krevetom<\/p>\n<p>&nbsp;<\/p>\n<p>&nbsp;<\/p>\n<p>Rok isporuke 25 do 30 dana. Zemlja podrijetla Italija.<\/p>\n","protected":false},"excerpt":{"rendered":"<p>Modularni sustav Flower Giulia Manzonija (2019.) omogu\u0107uje vam da izgradite beskrajna prilago\u0111ena rje\u0161enja, s udobnim i prikladnim linearnim ili kutnim sustavima, sa ili bez kreveta, zahvaljuju\u0107i modulima za ugradnju. Elegantna i udobna sofa s visokokvalitetnim krevetom &nbsp; &nbsp; Rok isporuke 25 do 30 dana. Zemlja podrijetla Italija.<\/p>\n","protected":false},"featured_media":59031,"template":"","meta":{"_acf_changed":false},"product_brand":[],"product_cat":[301],"product_tag":[],"class_list":{"0":"post-58972","1":"product","2":"type-product","3":"status-publish","4":"has-post-thumbnail","6":"product_cat-kauc-na-razvlacenje","8":"first","9":"instock","10":"taxable","11":"shipping-taxable","12":"purchasable","13":"product-type-simple"},"acf":[],"_links":{"self":[{"href":"https:\/\/adhotelskaoprema.com\/en\/wp-json\/wp\/v2\/product\/58972","targetHints":{"allow":["GET"]}}],"collection":[{"href":"https:\/\/adhotelskaoprema.com\/en\/wp-json\/wp\/v2\/product"}],"about":[{"href":"https:\/\/adhotelskaoprema.com\/en\/wp-json\/wp\/v2\/types\/product"}],"wp:featuredmedia":[{"embeddable":true,"href":"https:\/\/adhotelskaoprema.com\/en\/wp-json\/wp\/v2\/media\/59031"}],"wp:attachment":[{"href":"https:\/\/adhotelskaoprema.com\/en\/wp-json\/wp\/v2\/media?parent=58972"}],"wp:term":[{"taxonomy":"product_brand","embeddable":true,"href":"https:\/\/adhotelskaoprema.com\/en\/wp-json\/wp\/v2\/product_brand?post=58972"},{"taxonomy":"product_cat","embeddable":true,"href":"https:\/\/adhotelskaoprema.com\/en\/wp-json\/wp\/v2\/product_cat?post=58972"},{"taxonomy":"product_tag","embeddable":true,"href":"https:\/\/adhotelskaoprema.com\/en\/wp-json\/wp\/v2\/product_tag?post=58972"}],"curies":[{"name":"wp","href":"https:\/\/api.w.org\/{rel}","templated":true}]}}