{"id":58904,"date":"2024-06-10T18:57:30","date_gmt":"2024-06-10T16:57:30","guid":{"rendered":"https:\/\/adhotelskaoprema.com\/?post_type=product&#038;p=58904"},"modified":"2024-06-10T19:27:07","modified_gmt":"2024-06-10T17:27:07","slug":"sofa-na-razvlacenje-aoy-140x195","status":"publish","type":"product","link":"https:\/\/adhotelskaoprema.com\/en\/proizvod\/sofa-na-razvlacenje-aoy-140x195\/","title":{"rendered":"Naslonja\u010d na razvla\u010denje Aoy (140&#215;195)"},"content":{"rendered":"<p>Otvorite ili obnovite svoj dom s\u00a0\u00a0<strong>Aoy<\/strong>\u00a0, novim modularnim sustavom koji se dr\u017ei sna\u017enim kromiranim \u010deli\u010dnim stopalima, prekrivenim potpuno uklonjivom tkaninom. Ova posebna karakteristika isti\u010de jednostavan i \u010dist stil\u00a0\u00a0<strong>Aoya<\/strong>\u00a0. \u0160tovi\u0161e, laganim pokretom\u00a0\u00a0<strong>sofa<\/strong>\u00a0\u00a0postaje\u00a0\u00a0<strong>krevet<\/strong>\u00a0\u00a0i osje\u0107ate se kao da spavate na pravom krevetu, dobro podignutom od tla i otpornom.<\/p>\n<p>&nbsp;<\/p>\n<p>&nbsp;<\/p>\n<p>&nbsp;<\/p>\n<p>Rok isporuke 25 do 30 dana. Zemlja podrijetla Italija.<\/p>\n","protected":false},"excerpt":{"rendered":"<p>Otvorite ili obnovite svoj dom s\u00a0\u00a0Aoy\u00a0, novim modularnim sustavom koji se dr\u017ei sna\u017enim kromiranim \u010deli\u010dnim stopalima, prekrivenim potpuno uklonjivom tkaninom. Ova posebna karakteristika isti\u010de jednostavan i \u010dist stil\u00a0\u00a0Aoya\u00a0. \u0160tovi\u0161e, laganim pokretom\u00a0\u00a0sofa\u00a0\u00a0postaje\u00a0\u00a0krevet\u00a0\u00a0i osje\u0107ate se kao da spavate na pravom krevetu, dobro podignutom od tla i otpornom. &nbsp; &nbsp; &nbsp; Rok isporuke 25 do 30 dana. Zemlja [&hellip;]<\/p>\n","protected":false},"featured_media":58897,"template":"","meta":{"_acf_changed":false},"product_brand":[],"product_cat":[301],"product_tag":[],"class_list":{"0":"post-58904","1":"product","2":"type-product","3":"status-publish","4":"has-post-thumbnail","6":"product_cat-kauc-na-razvlacenje","8":"first","9":"instock","10":"taxable","11":"shipping-taxable","12":"purchasable","13":"product-type-simple"},"acf":[],"_links":{"self":[{"href":"https:\/\/adhotelskaoprema.com\/en\/wp-json\/wp\/v2\/product\/58904","targetHints":{"allow":["GET"]}}],"collection":[{"href":"https:\/\/adhotelskaoprema.com\/en\/wp-json\/wp\/v2\/product"}],"about":[{"href":"https:\/\/adhotelskaoprema.com\/en\/wp-json\/wp\/v2\/types\/product"}],"wp:featuredmedia":[{"embeddable":true,"href":"https:\/\/adhotelskaoprema.com\/en\/wp-json\/wp\/v2\/media\/58897"}],"wp:attachment":[{"href":"https:\/\/adhotelskaoprema.com\/en\/wp-json\/wp\/v2\/media?parent=58904"}],"wp:term":[{"taxonomy":"product_brand","embeddable":true,"href":"https:\/\/adhotelskaoprema.com\/en\/wp-json\/wp\/v2\/product_brand?post=58904"},{"taxonomy":"product_cat","embeddable":true,"href":"https:\/\/adhotelskaoprema.com\/en\/wp-json\/wp\/v2\/product_cat?post=58904"},{"taxonomy":"product_tag","embeddable":true,"href":"https:\/\/adhotelskaoprema.com\/en\/wp-json\/wp\/v2\/product_tag?post=58904"}],"curies":[{"name":"wp","href":"https:\/\/api.w.org\/{rel}","templated":true}]}}