{"id":5888,"date":"2024-02-05T10:22:32","date_gmt":"2024-02-05T09:22:32","guid":{"rendered":"https:\/\/adhotelskaoprema.com\/proizvod\/drzac-za-rucnik-akcija-50\/"},"modified":"2024-11-27T15:15:48","modified_gmt":"2024-11-27T14:15:48","slug":"drzac-za-rucnik-akcija-50","status":"publish","type":"product","link":"https:\/\/adhotelskaoprema.com\/en\/proizvod\/drzac-za-rucnik-akcija-50\/","title":{"rendered":"DR\u017dA\u010c ZA RU\u010cNIK *AKCIJA* 50%"},"content":{"rendered":"<p>Dr\u017ea\u010d za ru\u010dnik<\/p>\n<p>Materijal: mjed<\/p>\n<p>Dimenzija: 65x8x8 cm<\/p>\n<p>Boja: krom<\/p>\n<p>&nbsp;<\/p>\n","protected":false},"excerpt":{"rendered":"<p>Dr\u017ea\u010d za ru\u010dnik Materijal: mjed Dimenzija: 65x8x8 cm Boja: krom &nbsp;<\/p>\n","protected":false},"featured_media":892,"template":"","meta":{"_acf_changed":false},"product_brand":[],"product_cat":[268],"product_tag":[],"class_list":{"0":"post-5888","1":"product","2":"type-product","3":"status-publish","4":"has-post-thumbnail","6":"product_cat-hotelska-kozmetika","8":"first","9":"instock","10":"sale","11":"taxable","12":"shipping-taxable","13":"purchasable","14":"product-type-simple"},"acf":[],"_links":{"self":[{"href":"https:\/\/adhotelskaoprema.com\/en\/wp-json\/wp\/v2\/product\/5888","targetHints":{"allow":["GET"]}}],"collection":[{"href":"https:\/\/adhotelskaoprema.com\/en\/wp-json\/wp\/v2\/product"}],"about":[{"href":"https:\/\/adhotelskaoprema.com\/en\/wp-json\/wp\/v2\/types\/product"}],"wp:featuredmedia":[{"embeddable":true,"href":"https:\/\/adhotelskaoprema.com\/en\/wp-json\/wp\/v2\/media\/892"}],"wp:attachment":[{"href":"https:\/\/adhotelskaoprema.com\/en\/wp-json\/wp\/v2\/media?parent=5888"}],"wp:term":[{"taxonomy":"product_brand","embeddable":true,"href":"https:\/\/adhotelskaoprema.com\/en\/wp-json\/wp\/v2\/product_brand?post=5888"},{"taxonomy":"product_cat","embeddable":true,"href":"https:\/\/adhotelskaoprema.com\/en\/wp-json\/wp\/v2\/product_cat?post=5888"},{"taxonomy":"product_tag","embeddable":true,"href":"https:\/\/adhotelskaoprema.com\/en\/wp-json\/wp\/v2\/product_tag?post=5888"}],"curies":[{"name":"wp","href":"https:\/\/api.w.org\/{rel}","templated":true}]}}