{"id":5886,"date":"2024-02-05T10:22:32","date_gmt":"2024-02-05T09:22:32","guid":{"rendered":"https:\/\/adhotelskaoprema.com\/proizvod\/susilo-za-kosu-akcija-50\/"},"modified":"2024-02-05T10:22:37","modified_gmt":"2024-02-05T09:22:37","slug":"susilo-za-kosu-akcija-50","status":"publish","type":"product","link":"https:\/\/adhotelskaoprema.com\/en\/proizvod\/susilo-za-kosu-akcija-50\/","title":{"rendered":"SU\u0160ILO ZA KOSU *AKCIJA* 50%"},"content":{"rendered":"<p>Uzorak karbona<br \/>\nSu\u0161ilo za kosu s ionskom tehnologijom. Prstenasti zidni dr\u017ea\u010d DROP-IN sa<br \/>\nprekida\u010dem. Tri postavke temperature. Dvije brzine zraka.<br \/>\nGumb za hladno puhanje. AC-motor. Integrirana za\u0161tita od pregrijavanja.<br \/>\nDvostruka izolacija. Razred II. S kabelom zavojnice od 60 cm. 220-240 V,<br \/>\n50\/60 Hz, Cool \/ 950\/1900 W. S dodatnim kabelom i utika\u010dem za<br \/>\ndodatak aplikacija.<br \/>\nte\u017eina (neto \/ bruto): 0,85 kg \/ 1,4 kg<\/p>\n<p>garancija 2 godine<\/p>\n<p>*Proizvod je bez kutije, neo\u0161te\u0107en, nekori\u0161ten<\/p>\n","protected":false},"excerpt":{"rendered":"<p>||<\/p>\n","protected":false},"featured_media":885,"template":"","meta":{"_acf_changed":false},"product_brand":[],"product_cat":[44],"product_tag":[],"class_list":{"0":"post-5886","1":"product","2":"type-product","3":"status-publish","4":"has-post-thumbnail","6":"product_cat-susila-za-kosu","8":"first","9":"instock","10":"taxable","11":"shipping-taxable","12":"purchasable","13":"product-type-simple"},"acf":[],"_links":{"self":[{"href":"https:\/\/adhotelskaoprema.com\/en\/wp-json\/wp\/v2\/product\/5886","targetHints":{"allow":["GET"]}}],"collection":[{"href":"https:\/\/adhotelskaoprema.com\/en\/wp-json\/wp\/v2\/product"}],"about":[{"href":"https:\/\/adhotelskaoprema.com\/en\/wp-json\/wp\/v2\/types\/product"}],"wp:featuredmedia":[{"embeddable":true,"href":"https:\/\/adhotelskaoprema.com\/en\/wp-json\/wp\/v2\/media\/885"}],"wp:attachment":[{"href":"https:\/\/adhotelskaoprema.com\/en\/wp-json\/wp\/v2\/media?parent=5886"}],"wp:term":[{"taxonomy":"product_brand","embeddable":true,"href":"https:\/\/adhotelskaoprema.com\/en\/wp-json\/wp\/v2\/product_brand?post=5886"},{"taxonomy":"product_cat","embeddable":true,"href":"https:\/\/adhotelskaoprema.com\/en\/wp-json\/wp\/v2\/product_cat?post=5886"},{"taxonomy":"product_tag","embeddable":true,"href":"https:\/\/adhotelskaoprema.com\/en\/wp-json\/wp\/v2\/product_tag?post=5886"}],"curies":[{"name":"wp","href":"https:\/\/api.w.org\/{rel}","templated":true}]}}