{"id":5885,"date":"2024-02-05T10:22:32","date_gmt":"2024-02-05T09:22:32","guid":{"rendered":"https:\/\/adhotelskaoprema.com\/proizvod\/spring-air-mirisni-difuzor-sa-stapicima-100-ml-grapes\/"},"modified":"2025-03-10T14:20:16","modified_gmt":"2025-03-10T13:20:16","slug":"spring-air-mirisni-difuzor-sa-stapicima-100-ml-grapes","status":"publish","type":"product","link":"https:\/\/adhotelskaoprema.com\/en\/proizvod\/spring-air-mirisni-difuzor-sa-stapicima-100-ml-grapes\/","title":{"rendered":"Spring Air mirisni difuzor sa \u0161tapi\u0107ima 100 ml Grapes"},"content":{"rendered":"<h6 id=\"tw-target-text\" class=\"tw-data-text tw-text-large tw-ta\" dir=\"ltr\" data-placeholder=\"Prijevod\"><span class=\"Y2IQFc\" lang=\"hr\">Kakav god ambijent \u017eelite stvoriti, mo\u017eete jednostavno pozvati nekog od ovih mali\u0161ana u svoje mjesto kako biste istinski postavili raspolo\u017eenje. Pouzdani i profinjeni, Spring Air\u00ae LUKSUZNI \u0160TAPOVI OD RATANA idealan su estetski dodatak svakom domu, restoranu, uredu ili bilo kojem mjestu. Rje\u0161enje koje spaja stil i zadovoljstvo, koje vam nudi nje\u017ean i dugotrajan miris. Miris se \u0161iri kroz \u0161tapi\u0107e ratana uronjene u eteri\u010dna ulja kako bi se miris apsorbirao i neprestano \u0161irio. Kvaliteta i koli\u010dina mirisa su temeljni. Spring Air\u00ae za svoje proizvode koristi samo to\u010dno odabrane mirise u prou\u010denim koli\u010dinama kako bi optimizirao svoj intenzitet. Na taj na\u010din kupac ne samo da cijeni miris tijekom kupnje, ve\u0107 u\u017eiva i dugotrajan u\u010dinak u vlastitom prostoru. U asortimanu Spring Air\u00aeHOME COLLECTION LUXURY RATTAN STICKS pakiran je u svoju luksuznu bo\u010dicu od 100 ml koja \u0107e pru\u017eiti mogu\u0107nost kontinuirane aromatizacije tijekom 2 mjeseca.<\/span><\/h6>\n<p>100 ml<\/p>\n","protected":false},"excerpt":{"rendered":"<p>Kakav god ambijent \u017eelite stvoriti, mo\u017eete jednostavno pozvati nekog od ovih mali\u0161ana u svoje mjesto kako biste istinski postavili raspolo\u017eenje. Pouzdani i profinjeni, Spring Air\u00ae LUKSUZNI \u0160TAPOVI OD RATANA idealan su estetski dodatak svakom domu, restoranu, uredu ili bilo kojem mjestu. Rje\u0161enje koje spaja stil i zadovoljstvo, koje vam nudi nje\u017ean i dugotrajan miris. Miris [&hellip;]<\/p>\n","protected":false},"featured_media":883,"template":"","meta":{"_acf_changed":false},"product_brand":[],"product_cat":[56],"product_tag":[],"class_list":{"0":"post-5885","1":"product","2":"type-product","3":"status-publish","4":"has-post-thumbnail","6":"product_cat-mirisi-za-interijer-i-tekstil","8":"first","9":"instock","10":"taxable","11":"shipping-taxable","12":"purchasable","13":"product-type-simple"},"acf":[],"_links":{"self":[{"href":"https:\/\/adhotelskaoprema.com\/en\/wp-json\/wp\/v2\/product\/5885","targetHints":{"allow":["GET"]}}],"collection":[{"href":"https:\/\/adhotelskaoprema.com\/en\/wp-json\/wp\/v2\/product"}],"about":[{"href":"https:\/\/adhotelskaoprema.com\/en\/wp-json\/wp\/v2\/types\/product"}],"wp:featuredmedia":[{"embeddable":true,"href":"https:\/\/adhotelskaoprema.com\/en\/wp-json\/wp\/v2\/media\/883"}],"wp:attachment":[{"href":"https:\/\/adhotelskaoprema.com\/en\/wp-json\/wp\/v2\/media?parent=5885"}],"wp:term":[{"taxonomy":"product_brand","embeddable":true,"href":"https:\/\/adhotelskaoprema.com\/en\/wp-json\/wp\/v2\/product_brand?post=5885"},{"taxonomy":"product_cat","embeddable":true,"href":"https:\/\/adhotelskaoprema.com\/en\/wp-json\/wp\/v2\/product_cat?post=5885"},{"taxonomy":"product_tag","embeddable":true,"href":"https:\/\/adhotelskaoprema.com\/en\/wp-json\/wp\/v2\/product_tag?post=5885"}],"curies":[{"name":"wp","href":"https:\/\/api.w.org\/{rel}","templated":true}]}}