{"id":5882,"date":"2024-02-05T10:22:32","date_gmt":"2024-02-05T09:22:32","guid":{"rendered":"https:\/\/adhotelskaoprema.com\/proizvod\/boudoir-mirisni-sprej-500-ml-lotus-white-tea\/"},"modified":"2024-07-28T17:22:41","modified_gmt":"2024-07-28T15:22:41","slug":"boudoir-mirisni-sprej-500-ml-lotus-white-tea","status":"publish","type":"product","link":"https:\/\/adhotelskaoprema.com\/en\/proizvod\/boudoir-mirisni-sprej-500-ml-lotus-white-tea\/","title":{"rendered":"BOUDOIR mirisni sprej 500 ml Lotus white tea"},"content":{"rendered":"<p>Dugotrajan miris s dvostrukim djelovanjem za sve vrste tkanina. Ne ostavlja mrlje na tekstilu, tepisima, zavjesama niti bilo kojim drugim materijalima, uz to je savr\u0161en za prekriva\u010de i ru\u010dnike.<\/p>\n<p>500 ml<\/p>\n","protected":false},"excerpt":{"rendered":"<p>|||||<\/p>\n","protected":false},"featured_media":870,"template":"","meta":{"_acf_changed":false},"product_brand":[],"product_cat":[56],"product_tag":[],"class_list":{"0":"post-5882","1":"product","2":"type-product","3":"status-publish","4":"has-post-thumbnail","6":"product_cat-mirisi-za-interijer-i-tekstil","8":"first","9":"outofstock","10":"taxable","11":"shipping-taxable","12":"product-type-simple"},"acf":[],"_links":{"self":[{"href":"https:\/\/adhotelskaoprema.com\/en\/wp-json\/wp\/v2\/product\/5882","targetHints":{"allow":["GET"]}}],"collection":[{"href":"https:\/\/adhotelskaoprema.com\/en\/wp-json\/wp\/v2\/product"}],"about":[{"href":"https:\/\/adhotelskaoprema.com\/en\/wp-json\/wp\/v2\/types\/product"}],"wp:featuredmedia":[{"embeddable":true,"href":"https:\/\/adhotelskaoprema.com\/en\/wp-json\/wp\/v2\/media\/870"}],"wp:attachment":[{"href":"https:\/\/adhotelskaoprema.com\/en\/wp-json\/wp\/v2\/media?parent=5882"}],"wp:term":[{"taxonomy":"product_brand","embeddable":true,"href":"https:\/\/adhotelskaoprema.com\/en\/wp-json\/wp\/v2\/product_brand?post=5882"},{"taxonomy":"product_cat","embeddable":true,"href":"https:\/\/adhotelskaoprema.com\/en\/wp-json\/wp\/v2\/product_cat?post=5882"},{"taxonomy":"product_tag","embeddable":true,"href":"https:\/\/adhotelskaoprema.com\/en\/wp-json\/wp\/v2\/product_tag?post=5882"}],"curies":[{"name":"wp","href":"https:\/\/api.w.org\/{rel}","templated":true}]}}