{"id":5860,"date":"2024-02-05T10:22:20","date_gmt":"2024-02-05T09:22:20","guid":{"rendered":"https:\/\/adhotelskaoprema.com\/proizvod\/set-lanene-posteljine-za-krevet-180-x-200-sage\/"},"modified":"2024-02-05T10:22:21","modified_gmt":"2024-02-05T09:22:21","slug":"set-lanene-posteljine-za-krevet-180-x-200-sage","status":"publish","type":"product","link":"https:\/\/adhotelskaoprema.com\/en\/proizvod\/set-lanene-posteljine-za-krevet-180-x-200-sage\/","title":{"rendered":"Set lanene posteljine za krevet 180 x 200 &#8211; Sage"},"content":{"rendered":"<p>Hipoalergena, termoregulacija i svojstva prozra\u010dnosti samo su neke od prednosti koje mo\u017eete prona\u0107i u lanenoj posteljini.<\/p>\n<p>Set se sastoji od:<\/p>\n<p>2 x navlake za jastuk 60 x 80 cm<\/p>\n<p>1 x navlaka za poplun 230 x 220 cm<\/p>\n<p>1 x plahta 245 x 280 cm<\/p>\n<p>Rok isporuke 20 &#8211; 30 dana<\/p>\n","protected":false},"excerpt":{"rendered":"<p>|||<\/p>\n","protected":false},"featured_media":803,"template":"","meta":{"_acf_changed":false},"product_brand":[],"product_cat":[53],"product_tag":[],"class_list":{"0":"post-5860","1":"product","2":"type-product","3":"status-publish","4":"has-post-thumbnail","6":"product_cat-setovi-lanenih-posteljina-za-krevet-180-x-200cm","8":"first","9":"instock","10":"sale","11":"taxable","12":"shipping-taxable","13":"purchasable","14":"product-type-simple"},"acf":[],"_links":{"self":[{"href":"https:\/\/adhotelskaoprema.com\/en\/wp-json\/wp\/v2\/product\/5860","targetHints":{"allow":["GET"]}}],"collection":[{"href":"https:\/\/adhotelskaoprema.com\/en\/wp-json\/wp\/v2\/product"}],"about":[{"href":"https:\/\/adhotelskaoprema.com\/en\/wp-json\/wp\/v2\/types\/product"}],"wp:featuredmedia":[{"embeddable":true,"href":"https:\/\/adhotelskaoprema.com\/en\/wp-json\/wp\/v2\/media\/803"}],"wp:attachment":[{"href":"https:\/\/adhotelskaoprema.com\/en\/wp-json\/wp\/v2\/media?parent=5860"}],"wp:term":[{"taxonomy":"product_brand","embeddable":true,"href":"https:\/\/adhotelskaoprema.com\/en\/wp-json\/wp\/v2\/product_brand?post=5860"},{"taxonomy":"product_cat","embeddable":true,"href":"https:\/\/adhotelskaoprema.com\/en\/wp-json\/wp\/v2\/product_cat?post=5860"},{"taxonomy":"product_tag","embeddable":true,"href":"https:\/\/adhotelskaoprema.com\/en\/wp-json\/wp\/v2\/product_tag?post=5860"}],"curies":[{"name":"wp","href":"https:\/\/api.w.org\/{rel}","templated":true}]}}