{"id":5849,"date":"2024-02-05T10:22:09","date_gmt":"2024-02-05T09:22:09","guid":{"rendered":"https:\/\/adhotelskaoprema.com\/proizvod\/magnetni-drzac-dvostruki\/"},"modified":"2025-02-04T12:48:36","modified_gmt":"2025-02-04T11:48:36","slug":"magnetni-drzac-dvostruki","status":"publish","type":"product","link":"https:\/\/adhotelskaoprema.com\/en\/proizvod\/magnetni-drzac-dvostruki\/","title":{"rendered":"MAGNETNI DR\u017dA\u010c &#8211; DVOSTRUKI"},"content":{"rendered":"<p>Magnetni dr\u017ea\u010d za velike bo\u010dice 400ml, dvostruki, prikladan za dvije bo\u010dice<\/p>\n","protected":false},"excerpt":{"rendered":"<p>||<\/p>\n","protected":false},"featured_media":766,"template":"","meta":{"_acf_changed":false},"product_brand":[],"product_cat":[59,66,49,48,47,63,61],"product_tag":[],"class_list":{"0":"post-5849","1":"product","2":"type-product","3":"status-publish","4":"has-post-thumbnail","6":"product_cat-hotelska-kozmetika-karavaki","7":"product_cat-hotelska-kozmetika-le-jardin-med","8":"product_cat-hotelska-kozmetika-olive-care","9":"product_cat-hotelska-kozmetika-olivia-thinks","10":"product_cat-hotelska-kozmetika-olivia","11":"product_cat-hotelska-kozmetika-sarbacane","12":"product_cat-hotelska-kozmetika-skin-essentials","14":"first","15":"instock","16":"sale","17":"taxable","18":"shipping-taxable","19":"purchasable","20":"product-type-simple"},"acf":[],"_links":{"self":[{"href":"https:\/\/adhotelskaoprema.com\/en\/wp-json\/wp\/v2\/product\/5849","targetHints":{"allow":["GET"]}}],"collection":[{"href":"https:\/\/adhotelskaoprema.com\/en\/wp-json\/wp\/v2\/product"}],"about":[{"href":"https:\/\/adhotelskaoprema.com\/en\/wp-json\/wp\/v2\/types\/product"}],"wp:featuredmedia":[{"embeddable":true,"href":"https:\/\/adhotelskaoprema.com\/en\/wp-json\/wp\/v2\/media\/766"}],"wp:attachment":[{"href":"https:\/\/adhotelskaoprema.com\/en\/wp-json\/wp\/v2\/media?parent=5849"}],"wp:term":[{"taxonomy":"product_brand","embeddable":true,"href":"https:\/\/adhotelskaoprema.com\/en\/wp-json\/wp\/v2\/product_brand?post=5849"},{"taxonomy":"product_cat","embeddable":true,"href":"https:\/\/adhotelskaoprema.com\/en\/wp-json\/wp\/v2\/product_cat?post=5849"},{"taxonomy":"product_tag","embeddable":true,"href":"https:\/\/adhotelskaoprema.com\/en\/wp-json\/wp\/v2\/product_tag?post=5849"}],"curies":[{"name":"wp","href":"https:\/\/api.w.org\/{rel}","templated":true}]}}