{"id":58197,"date":"2024-04-12T16:41:46","date_gmt":"2024-04-12T14:41:46","guid":{"rendered":"https:\/\/adhotelskaoprema.com\/?post_type=product&#038;p=58197"},"modified":"2024-04-12T16:41:46","modified_gmt":"2024-04-12T14:41:46","slug":"tegla-pisa-rosso-pompejano","status":"publish","type":"product","link":"https:\/\/adhotelskaoprema.com\/en\/proizvod\/tegla-pisa-rosso-pompejano\/","title":{"rendered":"TEGLA PISA- ROSSO POMPEJANO"},"content":{"rendered":"<p>Opis<\/p>\n<div class=\"disclosure__panel has-motion\">\n<div class=\"disclosure__content rte cf\">\n<p>Sadilica u Pisi, koju je dizajnirao Denis Santachiara za Serralungu. Ako kod Santavase (vrtne \u017eardinjere na navrtanje) tlo mo\u017ee biti nagnuto i vrtna \u017eardinjera ostaje ravna, kod Pise, ako je tlo ravno, velika \u017eardinjera mo\u017ee biti samo pod nagibom. Za razliku od biljke koja raste uspravno, posuda svoj formalni identitet potvr\u0111uje linijom ruba koja nije paralelna s tlom. Ostatak je jedva osmi\u0161ljen, osim linije koja pojedina\u010dno identificira objekt.<\/p>\n<p>Zna\u010dajke<\/p>\n<div class=\"disclosure__panel has-motion\">\n<div class=\"disclosure__content rte cf\">\n<p><span class=\"metafield-multi_line_text_field\">Materijal: Izra\u0111en od LLDPE (linearni polietilen niske gusto\u0107e) Metoda proizvodnje: Rotacijsko oblikovanje Prikladno za vanjsku upotrebu i otporno na sve vremenske uvjete. UV za\u0161tita, 100% recikliraju\u0107i materijal, obojeno otopinom. Visok stupanj mehani\u010dke \u010dvrsto\u0107e i otpornosti na udarce. Otporan na temperature, minus 35\u00b0C plus 80\u00b0C.<\/span><\/p>\n<p>Dimenzije<\/p>\n<div class=\"disclosure__panel has-motion\">\n<div class=\"disclosure__content rte cf\">\n<p><span class=\"metafield-multi_line_text_field\">duljina: 51 cm<br \/>\n\u0161irina: 51 cm<br \/>\nvisina: 58 cm<br \/>\nte\u017eina: 5,5 kg<\/span><\/p>\n<p>Rok isporuke 25 dana.<\/p>\n<\/div>\n<\/div>\n<\/div>\n<\/div>\n<\/div>\n<\/div>\n","protected":false},"excerpt":{"rendered":"<p>Opis Sadilica u Pisi, koju je dizajnirao Denis Santachiara za Serralungu. Ako kod Santavase (vrtne \u017eardinjere na navrtanje) tlo mo\u017ee biti nagnuto i vrtna \u017eardinjera ostaje ravna, kod Pise, ako je tlo ravno, velika \u017eardinjera mo\u017ee biti samo pod nagibom. Za razliku od biljke koja raste uspravno, posuda svoj formalni identitet potvr\u0111uje linijom ruba koja [&hellip;]<\/p>\n","protected":false},"featured_media":58203,"template":"","meta":{"_acf_changed":false},"product_brand":[],"product_cat":[85],"product_tag":[],"class_list":{"0":"post-58197","1":"product","2":"type-product","3":"status-publish","4":"has-post-thumbnail","6":"product_cat-tegle-za-cvijece","8":"first","9":"instock","10":"taxable","11":"shipping-taxable","12":"purchasable","13":"product-type-simple"},"acf":[],"_links":{"self":[{"href":"https:\/\/adhotelskaoprema.com\/en\/wp-json\/wp\/v2\/product\/58197","targetHints":{"allow":["GET"]}}],"collection":[{"href":"https:\/\/adhotelskaoprema.com\/en\/wp-json\/wp\/v2\/product"}],"about":[{"href":"https:\/\/adhotelskaoprema.com\/en\/wp-json\/wp\/v2\/types\/product"}],"wp:featuredmedia":[{"embeddable":true,"href":"https:\/\/adhotelskaoprema.com\/en\/wp-json\/wp\/v2\/media\/58203"}],"wp:attachment":[{"href":"https:\/\/adhotelskaoprema.com\/en\/wp-json\/wp\/v2\/media?parent=58197"}],"wp:term":[{"taxonomy":"product_brand","embeddable":true,"href":"https:\/\/adhotelskaoprema.com\/en\/wp-json\/wp\/v2\/product_brand?post=58197"},{"taxonomy":"product_cat","embeddable":true,"href":"https:\/\/adhotelskaoprema.com\/en\/wp-json\/wp\/v2\/product_cat?post=58197"},{"taxonomy":"product_tag","embeddable":true,"href":"https:\/\/adhotelskaoprema.com\/en\/wp-json\/wp\/v2\/product_tag?post=58197"}],"curies":[{"name":"wp","href":"https:\/\/api.w.org\/{rel}","templated":true}]}}