{"id":58177,"date":"2024-04-12T16:21:24","date_gmt":"2024-04-12T14:21:24","guid":{"rendered":"https:\/\/adhotelskaoprema.com\/?post_type=product&#038;p=58177"},"modified":"2024-04-12T16:21:25","modified_gmt":"2024-04-12T14:21:25","slug":"tegla-onda-108-impruneta","status":"publish","type":"product","link":"https:\/\/adhotelskaoprema.com\/en\/proizvod\/tegla-onda-108-impruneta\/","title":{"rendered":"TEGLA ONDA 108- IMPRUNETA"},"content":{"rendered":"<p>Opis<\/p>\n<div class=\"disclosure__panel has-motion\">\n<div class=\"disclosure__content rte cf\">\n<p>Sadilice Onda, koje je dizajnirao Alberto Meda za Serralungu, stvaraju luksuznu atmosferu svojim modernim dizajnom i privatno\u0161\u0107u, savr\u0161ene za vrt ili terasu. Dostupna u dvije veli\u010dine, \u017eardinjera pru\u017ea maksimalan mir i intimu, dok njezin sustav za odvod vode omogu\u0107uje izlaganje raznih biljaka.<\/p>\n<p><img decoding=\"async\" src=\"https:\/\/serralunga.com\/cdn\/shop\/files\/Onda_small_f7cd2b99-08dc-406a-9b42-785adec60efd.jpg?v=1700225005&amp;width=303\" \/><img decoding=\"async\" src=\"https:\/\/serralunga.com\/cdn\/shop\/files\/Onda_big.jpg?v=1700225023&amp;width=286\" \/><\/p>\n<p>Zna\u010dajke<\/p>\n<div class=\"disclosure__panel has-motion\">\n<div class=\"disclosure__content rte cf\">\n<p><span class=\"metafield-multi_line_text_field\">LLDPE (linearni poli etilen niske gusto\u0107e) dobiven rotacijskim pre\u0161anjem. UV za\u0161tita. 100% recikliranje, obojeno otopinom. Visok stupanj mehani\u010dke \u010dvrsto\u0107e i otpornosti na udarce. Ru\u010dna zavr\u0161na obrada za lakirane proizvode: priprema povr\u0161ine, nano\u0161enje temeljnog premaza, lakiranje teku\u0107em akrilnom ili poliuretanskom bojom fiksiranom u pe\u0107nici, poliranje.<\/span><\/p>\n<p>Dimenzije<\/p>\n<div class=\"disclosure__panel has-motion\">\n<div class=\"disclosure__content rte cf\">\n<p>Onda 108<br \/>\ndu\u017eina: 114 cm<br \/>\n\u0161irina: 34,5<br \/>\nvisina: 44,5 cm<br \/>\nte\u017eina: 10 kg<\/p>\n<p>Rok isporuke 25 dana.<\/p>\n<\/div>\n<\/div>\n<\/div>\n<\/div>\n<\/div>\n<\/div>\n","protected":false},"excerpt":{"rendered":"<p>Opis Sadilice Onda, koje je dizajnirao Alberto Meda za Serralungu, stvaraju luksuznu atmosferu svojim modernim dizajnom i privatno\u0161\u0107u, savr\u0161ene za vrt ili terasu. Dostupna u dvije veli\u010dine, \u017eardinjera pru\u017ea maksimalan mir i intimu, dok njezin sustav za odvod vode omogu\u0107uje izlaganje raznih biljaka. Zna\u010dajke LLDPE (linearni poli etilen niske gusto\u0107e) dobiven rotacijskim pre\u0161anjem. UV za\u0161tita. [&hellip;]<\/p>\n","protected":false},"featured_media":58185,"template":"","meta":{"_acf_changed":false},"product_brand":[],"product_cat":[85],"product_tag":[],"class_list":{"0":"post-58177","1":"product","2":"type-product","3":"status-publish","4":"has-post-thumbnail","6":"product_cat-tegle-za-cvijece","8":"first","9":"instock","10":"taxable","11":"shipping-taxable","12":"purchasable","13":"product-type-simple"},"acf":[],"_links":{"self":[{"href":"https:\/\/adhotelskaoprema.com\/en\/wp-json\/wp\/v2\/product\/58177","targetHints":{"allow":["GET"]}}],"collection":[{"href":"https:\/\/adhotelskaoprema.com\/en\/wp-json\/wp\/v2\/product"}],"about":[{"href":"https:\/\/adhotelskaoprema.com\/en\/wp-json\/wp\/v2\/types\/product"}],"wp:featuredmedia":[{"embeddable":true,"href":"https:\/\/adhotelskaoprema.com\/en\/wp-json\/wp\/v2\/media\/58185"}],"wp:attachment":[{"href":"https:\/\/adhotelskaoprema.com\/en\/wp-json\/wp\/v2\/media?parent=58177"}],"wp:term":[{"taxonomy":"product_brand","embeddable":true,"href":"https:\/\/adhotelskaoprema.com\/en\/wp-json\/wp\/v2\/product_brand?post=58177"},{"taxonomy":"product_cat","embeddable":true,"href":"https:\/\/adhotelskaoprema.com\/en\/wp-json\/wp\/v2\/product_cat?post=58177"},{"taxonomy":"product_tag","embeddable":true,"href":"https:\/\/adhotelskaoprema.com\/en\/wp-json\/wp\/v2\/product_tag?post=58177"}],"curies":[{"name":"wp","href":"https:\/\/api.w.org\/{rel}","templated":true}]}}