{"id":5811,"date":"2024-02-05T10:21:48","date_gmt":"2024-02-05T09:21:48","guid":{"rendered":"https:\/\/adhotelskaoprema.com\/proizvod\/zamjena-za-perje-cjelogodisnji-poplun-200-x-200-cm-za-krevet-160x200\/"},"modified":"2024-02-05T10:21:52","modified_gmt":"2024-02-05T09:21:52","slug":"zamjena-za-perje-cjelogodisnji-poplun-200-x-200-cm-za-krevet-160x200","status":"publish","type":"product","link":"https:\/\/adhotelskaoprema.com\/en\/proizvod\/zamjena-za-perje-cjelogodisnji-poplun-200-x-200-cm-za-krevet-160x200\/","title":{"rendered":"ZAMJENA ZA PERJE  CJELOGODI\u0160NJI POPLUN  200 X 200 CM (ZA KREVET 160&#215;200)"},"content":{"rendered":"<p class=\"p1\">Cjelogodi\u0161nji poplun za krevet 160 x 200 cm \u0161irine<\/p>\n<p class=\"p1\">Grama\u017ea: 300 g\/m2<\/p>\n<p class=\"p1\">Punilo: high tech umjetno vlakno, imitacija perja<\/p>\n<p class=\"p1\">DIMENZIJE: 160 x 200cm<\/p>\n<p class=\"p1\">Kvaliteta: za 4 i 5 zvijezdica.<\/p>\n","protected":false},"excerpt":{"rendered":"<p>Cjelogodi\u0161nji poplun za krevet 160 x 200 cm \u0161irine Grama\u017ea: 300 g\/m2 Punilo: high tech umjetno vlakno, imitacija perja DIMENZIJE: 160 x 200cm Kvaliteta: za 4 i 5 zvijezdica.<\/p>\n","protected":false},"featured_media":544,"template":"","meta":{"_acf_changed":false},"product_brand":[],"product_cat":[42,23],"product_tag":[],"class_list":{"0":"post-5811","1":"product","2":"type-product","3":"status-publish","4":"has-post-thumbnail","6":"product_cat-hotelski-popluni","7":"product_cat-posteljina-za-krevet-160-x-200-cm","9":"first","10":"instock","11":"sale","12":"taxable","13":"shipping-taxable","14":"purchasable","15":"product-type-simple"},"acf":[],"_links":{"self":[{"href":"https:\/\/adhotelskaoprema.com\/en\/wp-json\/wp\/v2\/product\/5811","targetHints":{"allow":["GET"]}}],"collection":[{"href":"https:\/\/adhotelskaoprema.com\/en\/wp-json\/wp\/v2\/product"}],"about":[{"href":"https:\/\/adhotelskaoprema.com\/en\/wp-json\/wp\/v2\/types\/product"}],"wp:featuredmedia":[{"embeddable":true,"href":"https:\/\/adhotelskaoprema.com\/en\/wp-json\/wp\/v2\/media\/544"}],"wp:attachment":[{"href":"https:\/\/adhotelskaoprema.com\/en\/wp-json\/wp\/v2\/media?parent=5811"}],"wp:term":[{"taxonomy":"product_brand","embeddable":true,"href":"https:\/\/adhotelskaoprema.com\/en\/wp-json\/wp\/v2\/product_brand?post=5811"},{"taxonomy":"product_cat","embeddable":true,"href":"https:\/\/adhotelskaoprema.com\/en\/wp-json\/wp\/v2\/product_cat?post=5811"},{"taxonomy":"product_tag","embeddable":true,"href":"https:\/\/adhotelskaoprema.com\/en\/wp-json\/wp\/v2\/product_tag?post=5811"}],"curies":[{"name":"wp","href":"https:\/\/api.w.org\/{rel}","templated":true}]}}