{"id":5810,"date":"2024-02-05T10:21:48","date_gmt":"2024-02-05T09:21:48","guid":{"rendered":"https:\/\/adhotelskaoprema.com\/proizvod\/mini-kuhinja-potpuno-opremljena-aparatima-4\/"},"modified":"2024-04-04T15:26:59","modified_gmt":"2024-04-04T13:26:59","slug":"mini-kuhinja-potpuno-opremljena-aparatima-4","status":"publish","type":"product","link":"https:\/\/adhotelskaoprema.com\/en\/proizvod\/mini-kuhinja-potpuno-opremljena-aparatima-4\/","title":{"rendered":"Mini kuhinja (POTPUNO OPREMLJENA APARATIMA) 4"},"content":{"rendered":"<p>Mini kuhinja sa roletama (\u0161irine 221 cm), okvir kuhinje izra\u0111en od plo\u010da od iverice oblo\u017eenih melaminom sa ABS rubovima, napa od nehr\u0111aju\u0107eg \u010delika, radna plo\u010da otporna na vodu debljine 38mm, opremljena sa sudoperom od nehr\u0111aju\u0107eg \u010delika sa PVC sifonom, slavina, ugradbeni hladnjak kapaciteta 184L, zamrziva\u010d kapaciteta 42L, elektri\u010dni \u0161tednjak, PVC kanta za sme\u0107e s poklopcem, unutarnja strana kuhinje oblo\u017eena za\u0161titom tokom kuhanja od \u010delika visine 15cm, rolete sa mogu\u0107no\u0161\u0107u zaklju\u010davanja.<\/p>\n<p><strong>cm<\/strong>221,4&#215;61<br \/>\n<strong>h.<\/strong>211<br \/>\n<strong>m<\/strong><strong><sup>3<\/sup><\/strong><strong>\u00a0.\u00a0<\/strong>1,65<br \/>\n<strong>kg.<\/strong>\u00a0372<\/p>\n<p>Rok isporuke 15-20 dana<\/p>\n","protected":false},"excerpt":{"rendered":"<p>|<\/p>\n","protected":false},"featured_media":541,"template":"","meta":{"_acf_changed":false},"product_brand":[],"product_cat":[41],"product_tag":[],"class_list":{"0":"post-5810","1":"product","2":"type-product","3":"status-publish","4":"has-post-thumbnail","6":"product_cat-mini-kuhinje","8":"first","9":"onbackorder","10":"taxable","11":"shipping-taxable","12":"purchasable","13":"product-type-simple"},"acf":[],"_links":{"self":[{"href":"https:\/\/adhotelskaoprema.com\/en\/wp-json\/wp\/v2\/product\/5810","targetHints":{"allow":["GET"]}}],"collection":[{"href":"https:\/\/adhotelskaoprema.com\/en\/wp-json\/wp\/v2\/product"}],"about":[{"href":"https:\/\/adhotelskaoprema.com\/en\/wp-json\/wp\/v2\/types\/product"}],"wp:featuredmedia":[{"embeddable":true,"href":"https:\/\/adhotelskaoprema.com\/en\/wp-json\/wp\/v2\/media\/541"}],"wp:attachment":[{"href":"https:\/\/adhotelskaoprema.com\/en\/wp-json\/wp\/v2\/media?parent=5810"}],"wp:term":[{"taxonomy":"product_brand","embeddable":true,"href":"https:\/\/adhotelskaoprema.com\/en\/wp-json\/wp\/v2\/product_brand?post=5810"},{"taxonomy":"product_cat","embeddable":true,"href":"https:\/\/adhotelskaoprema.com\/en\/wp-json\/wp\/v2\/product_cat?post=5810"},{"taxonomy":"product_tag","embeddable":true,"href":"https:\/\/adhotelskaoprema.com\/en\/wp-json\/wp\/v2\/product_tag?post=5810"}],"curies":[{"name":"wp","href":"https:\/\/api.w.org\/{rel}","templated":true}]}}