{"id":58030,"date":"2024-04-11T14:30:44","date_gmt":"2024-04-11T12:30:44","guid":{"rendered":"https:\/\/adhotelskaoprema.com\/?post_type=product&#038;p=58030"},"modified":"2024-04-11T14:30:45","modified_gmt":"2024-04-11T12:30:45","slug":"tegla-new-pot-185-litara-verde-british","status":"publish","type":"product","link":"https:\/\/adhotelskaoprema.com\/en\/proizvod\/tegla-new-pot-185-litara-verde-british\/","title":{"rendered":"TEGLA NEW POT (185 Litara)- VERDE BRITISH"},"content":{"rendered":"<p>Vrtna \u017eardinjera tradicionalnog krnjeg sto\u017eastog oblika &#8211; gotovo arhetip vlastitog oblika &#8211; koja na jednostavan na\u010din odgovara starim zahtjevima, interpretiranima na nov, sofisticiran na\u010din.<\/p>\n<div class=\"disclosure__panel has-motion\">\n<div class=\"disclosure__content rte cf\">\n<p>Ovo je ideja koja stoji iza New Pot-a, koju je dizajnirao Paolo Rizzato za Serralungu, da spoji funkcionalno savr\u0161enstvo s estetskom sofisticirano\u0161\u0107u.<br \/>\nNew-Pot Planter Medium dostupan je u rasponu veli\u010dina od 34 cm do 60 cm.<\/p>\n<p>Vrtne \u017eardinjere New-Pot dostupne su u nekoliko veli\u010dina.<\/p>\n<p>Materijal:<\/p>\n<p>Izra\u0111en od LLDPE (linearni poli etilen niske gusto\u0107e)<br \/>\nMetoda proizvodnje: Rotacijsko oblikovanje<br \/>\nPrikladno za vanjsku upotrebu i otporno na sve vremenske uvjete. UV za\u0161tita, 100% recikliraju\u0107i materijal, obojeno otopinom. Visok stupanj mehani\u010dke \u010dvrsto\u0107e i otpornosti na udarce. Otporan na temperature, minus 35\u00b0C plus 80\u00b0C.<\/p>\n<div class=\"disclosure__panel has-motion\">\n<div class=\"disclosure__content rte cf\">\n<p>Dimenzije<\/p>\n<div class=\"disclosure__panel has-motion\">\n<div class=\"disclosure__content rte cf\">\n<div class=\"disclosure__panel has-motion\">\n<div class=\"disclosure__content rte cf\">\n<p><span class=\"metafield-multi_line_text_field\">duljina: 90 cm<br \/>\n\u0161irina: 90 cm<br \/>\nvisina: 90 cm<br \/>\nte\u017eina: 18,0 kg<\/span><\/p>\n<\/div>\n<\/div>\n<\/div>\n<\/div>\n<p>Rok isporuke 25 dana.<\/p>\n<\/div>\n<\/div>\n<\/div>\n<\/div>\n","protected":false},"excerpt":{"rendered":"<p>Vrtna \u017eardinjera tradicionalnog krnjeg sto\u017eastog oblika &#8211; gotovo arhetip vlastitog oblika &#8211; koja na jednostavan na\u010din odgovara starim zahtjevima, interpretiranima na nov, sofisticiran na\u010din. Ovo je ideja koja stoji iza New Pot-a, koju je dizajnirao Paolo Rizzato za Serralungu, da spoji funkcionalno savr\u0161enstvo s estetskom sofisticirano\u0161\u0107u. New-Pot Planter Medium dostupan je u rasponu veli\u010dina od [&hellip;]<\/p>\n","protected":false},"featured_media":57979,"template":"","meta":{"_acf_changed":false},"product_brand":[],"product_cat":[85],"product_tag":[],"class_list":{"0":"post-58030","1":"product","2":"type-product","3":"status-publish","4":"has-post-thumbnail","6":"product_cat-tegle-za-cvijece","8":"first","9":"instock","10":"taxable","11":"shipping-taxable","12":"purchasable","13":"product-type-simple"},"acf":[],"_links":{"self":[{"href":"https:\/\/adhotelskaoprema.com\/en\/wp-json\/wp\/v2\/product\/58030","targetHints":{"allow":["GET"]}}],"collection":[{"href":"https:\/\/adhotelskaoprema.com\/en\/wp-json\/wp\/v2\/product"}],"about":[{"href":"https:\/\/adhotelskaoprema.com\/en\/wp-json\/wp\/v2\/types\/product"}],"wp:featuredmedia":[{"embeddable":true,"href":"https:\/\/adhotelskaoprema.com\/en\/wp-json\/wp\/v2\/media\/57979"}],"wp:attachment":[{"href":"https:\/\/adhotelskaoprema.com\/en\/wp-json\/wp\/v2\/media?parent=58030"}],"wp:term":[{"taxonomy":"product_brand","embeddable":true,"href":"https:\/\/adhotelskaoprema.com\/en\/wp-json\/wp\/v2\/product_brand?post=58030"},{"taxonomy":"product_cat","embeddable":true,"href":"https:\/\/adhotelskaoprema.com\/en\/wp-json\/wp\/v2\/product_cat?post=58030"},{"taxonomy":"product_tag","embeddable":true,"href":"https:\/\/adhotelskaoprema.com\/en\/wp-json\/wp\/v2\/product_tag?post=58030"}],"curies":[{"name":"wp","href":"https:\/\/api.w.org\/{rel}","templated":true}]}}