{"id":5802,"date":"2024-02-05T10:21:48","date_gmt":"2024-02-05T09:21:48","guid":{"rendered":"https:\/\/adhotelskaoprema.com\/proizvod\/plahta-230-tc-sa-gumicom-za-madrac-200-x-200-cm-satenski-pamuk\/"},"modified":"2025-02-27T09:57:14","modified_gmt":"2025-02-27T08:57:14","slug":"plahta-230-tc-sa-gumicom-za-madrac-200-x-200-cm-satenski-pamuk","status":"publish","type":"product","link":"https:\/\/adhotelskaoprema.com\/en\/proizvod\/plahta-230-tc-sa-gumicom-za-madrac-200-x-200-cm-satenski-pamuk\/","title":{"rendered":"Plahta 230 TC sa gumicom za madrac 200 x 200  cm ( Satenski pamuk )"},"content":{"rendered":"<p>Za madrac maksimalne visine 30 cm<\/p>\n<p>Bijele boje , 230 TC<\/p>\n<p>Rok isporuke 20 &#8211; 30 dana.<\/p>\n<p>Tkanina: 100% pamuk. Visoka izdr\u017eljivost. <\/p>\n<p>Mogu\u0107nost narud\u017ebe uzorne jastu\u010dnice, dimenzija 30 x 30 cm radi testiranja (pranje i gla\u010danje).<\/p>\n","protected":false},"excerpt":{"rendered":"<p>Za madrac maksimalne visine 30 cm Bijele boje , 230 TC Rok isporuke 20 &#8211; 30 dana. Tkanina: 100% pamuk. Visoka izdr\u017eljivost. Mogu\u0107nost narud\u017ebe uzorne jastu\u010dnice, dimenzija 30 x 30 cm radi testiranja (pranje i gla\u010danje).<\/p>\n","protected":false},"featured_media":520,"template":"","meta":{"_acf_changed":false},"product_brand":[],"product_cat":[21,25],"product_tag":[],"class_list":{"0":"post-5802","1":"product","2":"type-product","3":"status-publish","4":"has-post-thumbnail","6":"product_cat-hotelska-posteljina","7":"product_cat-posteljina-za-krevet-200-x-200-cm","9":"first","10":"outofstock","11":"sale","12":"taxable","13":"shipping-taxable","14":"purchasable","15":"product-type-simple"},"acf":[],"_links":{"self":[{"href":"https:\/\/adhotelskaoprema.com\/en\/wp-json\/wp\/v2\/product\/5802","targetHints":{"allow":["GET"]}}],"collection":[{"href":"https:\/\/adhotelskaoprema.com\/en\/wp-json\/wp\/v2\/product"}],"about":[{"href":"https:\/\/adhotelskaoprema.com\/en\/wp-json\/wp\/v2\/types\/product"}],"wp:featuredmedia":[{"embeddable":true,"href":"https:\/\/adhotelskaoprema.com\/en\/wp-json\/wp\/v2\/media\/520"}],"wp:attachment":[{"href":"https:\/\/adhotelskaoprema.com\/en\/wp-json\/wp\/v2\/media?parent=5802"}],"wp:term":[{"taxonomy":"product_brand","embeddable":true,"href":"https:\/\/adhotelskaoprema.com\/en\/wp-json\/wp\/v2\/product_brand?post=5802"},{"taxonomy":"product_cat","embeddable":true,"href":"https:\/\/adhotelskaoprema.com\/en\/wp-json\/wp\/v2\/product_cat?post=5802"},{"taxonomy":"product_tag","embeddable":true,"href":"https:\/\/adhotelskaoprema.com\/en\/wp-json\/wp\/v2\/product_tag?post=5802"}],"curies":[{"name":"wp","href":"https:\/\/api.w.org\/{rel}","templated":true}]}}