{"id":57834,"date":"2024-04-10T15:02:22","date_gmt":"2024-04-10T13:02:22","guid":{"rendered":"https:\/\/adhotelskaoprema.com\/?post_type=product&#038;p=57834"},"modified":"2024-04-10T15:02:23","modified_gmt":"2024-04-10T13:02:23","slug":"tegla-neoclassic-doppio-bordo-49-litara-verde-british","status":"publish","type":"product","link":"https:\/\/adhotelskaoprema.com\/en\/proizvod\/tegla-neoclassic-doppio-bordo-49-litara-verde-british\/","title":{"rendered":"TEGLA NEOCLASSIC DOPPIO BORDO (49 litara)- VERDE BRITISH"},"content":{"rendered":"<p>Opis<\/p>\n<div class=\"disclosure__panel has-motion\">\n<div class=\"disclosure__content rte cf\">\n<p>Ne klasi\u010dna \u017eardinjera Doppio Bordo tvrtke Serralunga. Klasi\u010dna, tradicionalna talijanska posuda sa zemljanim nijansama ton-na-ton stvara nove bukoli\u010dke atmosfere, negdje izme\u0111u engleskog vrta i talijanskog sela. Iznena\u0111uju\u0107i novi kraj: \u010dudo neo\u010dekivanog i kristalizirana ljepota starih \u017eardinjera.<\/p>\n<p>Zna\u010dajke<\/p>\n<div class=\"disclosure__panel has-motion\">\n<div class=\"disclosure__content rte cf\">\n<p><span class=\"metafield-multi_line_text_field\">Materijal: Izra\u0111en od LLDPE (linearni poli etilen niske gusto\u0107e) Metoda proizvodnje: Rotacijsko oblikovanje Prikladno za vanjsku upotrebu i otporno na sve vremenske uvjete. UV za\u0161tita, 100% recikliraju\u0107i materijal, obojeno otopinom. Visok stupanj mehani\u010dke \u010dvrsto\u0107e i otpornosti na udarce. Otporan na temperature, minus 35\u00b0C plus 80\u00b0C.<\/span><\/p>\n<p>Dimenzije<\/p>\n<div class=\"disclosure__panel has-motion\">\n<div class=\"disclosure__content rte cf\">\n<p><span class=\"metafield-multi_line_text_field\">promjer: 50 cm<br \/>\nvisina: 45 cm<br \/>\nte\u017eina: 2,6 kg<\/p>\n<p><\/span>Rok isporuke 25 dana.<\/p>\n<\/div>\n<\/div>\n<\/div>\n<\/div>\n<\/div>\n<\/div>\n","protected":false},"excerpt":{"rendered":"<p>Opis Ne klasi\u010dna \u017eardinjera Doppio Bordo tvrtke Serralunga. Klasi\u010dna, tradicionalna talijanska posuda sa zemljanim nijansama ton-na-ton stvara nove bukoli\u010dke atmosfere, negdje izme\u0111u engleskog vrta i talijanskog sela. Iznena\u0111uju\u0107i novi kraj: \u010dudo neo\u010dekivanog i kristalizirana ljepota starih \u017eardinjera. Zna\u010dajke Materijal: Izra\u0111en od LLDPE (linearni poli etilen niske gusto\u0107e) Metoda proizvodnje: Rotacijsko oblikovanje Prikladno za vanjsku upotrebu [&hellip;]<\/p>\n","protected":false},"featured_media":57862,"template":"","meta":{"_acf_changed":false},"product_brand":[],"product_cat":[85],"product_tag":[],"class_list":{"0":"post-57834","1":"product","2":"type-product","3":"status-publish","4":"has-post-thumbnail","6":"product_cat-tegle-za-cvijece","8":"first","9":"instock","10":"taxable","11":"shipping-taxable","12":"purchasable","13":"product-type-simple"},"acf":[],"_links":{"self":[{"href":"https:\/\/adhotelskaoprema.com\/en\/wp-json\/wp\/v2\/product\/57834","targetHints":{"allow":["GET"]}}],"collection":[{"href":"https:\/\/adhotelskaoprema.com\/en\/wp-json\/wp\/v2\/product"}],"about":[{"href":"https:\/\/adhotelskaoprema.com\/en\/wp-json\/wp\/v2\/types\/product"}],"wp:featuredmedia":[{"embeddable":true,"href":"https:\/\/adhotelskaoprema.com\/en\/wp-json\/wp\/v2\/media\/57862"}],"wp:attachment":[{"href":"https:\/\/adhotelskaoprema.com\/en\/wp-json\/wp\/v2\/media?parent=57834"}],"wp:term":[{"taxonomy":"product_brand","embeddable":true,"href":"https:\/\/adhotelskaoprema.com\/en\/wp-json\/wp\/v2\/product_brand?post=57834"},{"taxonomy":"product_cat","embeddable":true,"href":"https:\/\/adhotelskaoprema.com\/en\/wp-json\/wp\/v2\/product_cat?post=57834"},{"taxonomy":"product_tag","embeddable":true,"href":"https:\/\/adhotelskaoprema.com\/en\/wp-json\/wp\/v2\/product_tag?post=57834"}],"curies":[{"name":"wp","href":"https:\/\/api.w.org\/{rel}","templated":true}]}}