{"id":57808,"date":"2024-04-10T13:26:53","date_gmt":"2024-04-10T11:26:53","guid":{"rendered":"https:\/\/adhotelskaoprema.com\/?post_type=product&#038;p=57808"},"modified":"2024-04-10T13:26:54","modified_gmt":"2024-04-10T11:26:54","slug":"tegla-ming-extra-velika-moleskin-champagne","status":"publish","type":"product","link":"https:\/\/adhotelskaoprema.com\/en\/proizvod\/tegla-ming-extra-velika-moleskin-champagne\/","title":{"rendered":"TEGLA MING (EXTRA VELIKA)- MOLESKIN CHAMPAGNE"},"content":{"rendered":"<p>Ming \u017eardinjera koju je dizajnirao Rodolfo Dordoni cijenjena je zbog svojih velikih dimenzija, poja\u010danih velikim gornjim rubom i oblikom koji je istovremeno tradicionalan i moderan, prilago\u0111avaju\u0107i se razli\u010ditim namjenama u javnim i privatnim prostorima. Dordoni je dizajnirao ove posude posebno za bogate i bodljikave biljke kaktusa kao \u0161to su agave i kaktusi, u kontrastu s mekim i zaobljenim oblikom posude.<\/p>\n<div class=\"disclosure__panel has-motion\">\n<div class=\"disclosure__content rte cf\">\n<p>Ova sadilica dostupna je u 3 veli\u010dine, mala, velika i ekstra velika.<br \/>\nOva je verzija tako\u0111er dostupna u zavr\u0161noj obradi Moleskin, registriranom dizajnu, dodaju\u0107i\u00a0\u00a0\u0161arm i toplinu kona\u010dnom proizvodu.<\/p>\n<p>Materijal: Izra\u0111en od LLDPE (linearni poli etilen niske gusto\u0107e)<\/p>\n<div class=\"disclosure__panel has-motion\">\n<div class=\"disclosure__content rte cf\">\n<p><span class=\"metafield-multi_line_text_field\">Metoda proizvodnje: Rotacijsko oblikovanje<br \/>\nPrikladno za vanjsku upotrebu i otporno na sve vremenske uvjete.<br \/>\nUV za\u0161tita, 100% recikliraju\u0107i materijal, obojeno otopinom. Visok stupanj mehani\u010dke \u010dvrsto\u0107e i otpornosti na udarce. Otporan na temperature, minus 35\u00b0C plus 80\u00b0C.<\/span><\/p>\n<p>Lakirana zavr\u0161na obrada: Ru\u010dna zavr\u0161na obrada za lakirane proizvode: priprema povr\u0161ine, nano\u0161enje temeljnog premaza, lakiranje teku\u0107em akrilnom ili poliuretanskom bojom fiksiranom u pe\u0107nici, poliranje.<\/p>\n<p>Dimenzije<\/p>\n<div class=\"disclosure__panel has-motion\">\n<div class=\"disclosure__content rte cf\">\n<p><span class=\"metafield-multi_line_text_field\">duljina: 113 cm<br \/>\n\u0161irina: 113 cm<br \/>\nvisina: 75 cm<br \/>\nte\u017eina: 25 kg<\/span><\/p>\n<p>Rok isporuke 25 dana.<\/p>\n<\/div>\n<\/div>\n<\/div>\n<\/div>\n<\/div>\n<\/div>\n","protected":false},"excerpt":{"rendered":"<p>Ming \u017eardinjera koju je dizajnirao Rodolfo Dordoni cijenjena je zbog svojih velikih dimenzija, poja\u010danih velikim gornjim rubom i oblikom koji je istovremeno tradicionalan i moderan, prilago\u0111avaju\u0107i se razli\u010ditim namjenama u javnim i privatnim prostorima. Dordoni je dizajnirao ove posude posebno za bogate i bodljikave biljke kaktusa kao \u0161to su agave i kaktusi, u kontrastu s [&hellip;]<\/p>\n","protected":false},"featured_media":57815,"template":"","meta":{"_acf_changed":false},"product_brand":[],"product_cat":[85],"product_tag":[],"class_list":{"0":"post-57808","1":"product","2":"type-product","3":"status-publish","4":"has-post-thumbnail","6":"product_cat-tegle-za-cvijece","8":"first","9":"instock","10":"taxable","11":"shipping-taxable","12":"purchasable","13":"product-type-simple"},"acf":[],"_links":{"self":[{"href":"https:\/\/adhotelskaoprema.com\/en\/wp-json\/wp\/v2\/product\/57808","targetHints":{"allow":["GET"]}}],"collection":[{"href":"https:\/\/adhotelskaoprema.com\/en\/wp-json\/wp\/v2\/product"}],"about":[{"href":"https:\/\/adhotelskaoprema.com\/en\/wp-json\/wp\/v2\/types\/product"}],"wp:featuredmedia":[{"embeddable":true,"href":"https:\/\/adhotelskaoprema.com\/en\/wp-json\/wp\/v2\/media\/57815"}],"wp:attachment":[{"href":"https:\/\/adhotelskaoprema.com\/en\/wp-json\/wp\/v2\/media?parent=57808"}],"wp:term":[{"taxonomy":"product_brand","embeddable":true,"href":"https:\/\/adhotelskaoprema.com\/en\/wp-json\/wp\/v2\/product_brand?post=57808"},{"taxonomy":"product_cat","embeddable":true,"href":"https:\/\/adhotelskaoprema.com\/en\/wp-json\/wp\/v2\/product_cat?post=57808"},{"taxonomy":"product_tag","embeddable":true,"href":"https:\/\/adhotelskaoprema.com\/en\/wp-json\/wp\/v2\/product_tag?post=57808"}],"curies":[{"name":"wp","href":"https:\/\/api.w.org\/{rel}","templated":true}]}}