{"id":5768,"date":"2024-02-05T10:21:27","date_gmt":"2024-02-05T09:21:27","guid":{"rendered":"https:\/\/adhotelskaoprema.com\/proizvod\/plahta-za-madrac-sirine-180-cm-satenski-pamuk\/"},"modified":"2025-02-27T10:03:26","modified_gmt":"2025-02-27T09:03:26","slug":"plahta-za-madrac-sirine-180-cm-satenski-pamuk","status":"publish","type":"product","link":"https:\/\/adhotelskaoprema.com\/en\/proizvod\/plahta-za-madrac-sirine-180-cm-satenski-pamuk\/","title":{"rendered":"Plahta za madrac \u0161irine 180 cm ( Satenski pamuk )"},"content":{"rendered":"<p>Dimenzije plahte (\u0161xd): 250 x 270 cm<\/p>\n<p>Za madrac \u0161irine 180 cm<\/p>\n<p>Boja: bijela.<\/p>\n<p>230 TC, visoka kvaliteta za objekte sa 4 i 5 *.<\/p>\n<p>Rok isporuke 20 &#8211; 30 dana.<\/p>\n<p>Tkanina: 100% pamuk. Visoka izdr\u017eljivost. <\/p>\n<p>Mogu\u0107nost narud\u017ebe uzorne jastu\u010dnice, dimenzija 30 x 30 cm radi testiranja (pranje i gla\u010danje).<\/p>\n","protected":false},"excerpt":{"rendered":"<p>Dimenzije plahte (\u0161xd): 250 x 270 cm Za madrac \u0161irine 180 cm Boja: bijela. 230 TC, visoka kvaliteta za objekte sa 4 i 5 *. Rok isporuke 20 &#8211; 30 dana. Tkanina: 100% pamuk. Visoka izdr\u017eljivost. Mogu\u0107nost narud\u017ebe uzorne jastu\u010dnice, dimenzija 30 x 30 cm radi testiranja (pranje i gla\u010danje).<\/p>\n","protected":false},"featured_media":477,"template":"","meta":{"_acf_changed":false},"product_brand":[],"product_cat":[21,24],"product_tag":[],"class_list":{"0":"post-5768","1":"product","2":"type-product","3":"status-publish","4":"has-post-thumbnail","6":"product_cat-hotelska-posteljina","7":"product_cat-posteljina-za-krevet-180-x-200-cm","9":"first","10":"outofstock","11":"sale","12":"taxable","13":"shipping-taxable","14":"purchasable","15":"product-type-simple"},"acf":[],"_links":{"self":[{"href":"https:\/\/adhotelskaoprema.com\/en\/wp-json\/wp\/v2\/product\/5768","targetHints":{"allow":["GET"]}}],"collection":[{"href":"https:\/\/adhotelskaoprema.com\/en\/wp-json\/wp\/v2\/product"}],"about":[{"href":"https:\/\/adhotelskaoprema.com\/en\/wp-json\/wp\/v2\/types\/product"}],"wp:featuredmedia":[{"embeddable":true,"href":"https:\/\/adhotelskaoprema.com\/en\/wp-json\/wp\/v2\/media\/477"}],"wp:attachment":[{"href":"https:\/\/adhotelskaoprema.com\/en\/wp-json\/wp\/v2\/media?parent=5768"}],"wp:term":[{"taxonomy":"product_brand","embeddable":true,"href":"https:\/\/adhotelskaoprema.com\/en\/wp-json\/wp\/v2\/product_brand?post=5768"},{"taxonomy":"product_cat","embeddable":true,"href":"https:\/\/adhotelskaoprema.com\/en\/wp-json\/wp\/v2\/product_cat?post=5768"},{"taxonomy":"product_tag","embeddable":true,"href":"https:\/\/adhotelskaoprema.com\/en\/wp-json\/wp\/v2\/product_tag?post=5768"}],"curies":[{"name":"wp","href":"https:\/\/api.w.org\/{rel}","templated":true}]}}