{"id":57673,"date":"2024-04-09T15:38:01","date_gmt":"2024-04-09T13:38:01","guid":{"rendered":"https:\/\/adhotelskaoprema.com\/?post_type=product&#038;p=57673"},"modified":"2024-04-09T15:38:01","modified_gmt":"2024-04-09T13:38:01","slug":"stol-01-70-x-70-cm-antracit-boje-kamena","status":"publish","type":"product","link":"https:\/\/adhotelskaoprema.com\/en\/proizvod\/stol-01-70-x-70-cm-antracit-boje-kamena\/","title":{"rendered":"Stol 01 70 x 70 cm &#8211; Antracit \/ boje kamena"},"content":{"rendered":"<p>Stol za vanjsku i unutarnju upotrebu. Okvir od lakiranog aluminija. Profili 58x25x1,6 mm s karikama od tla\u010dno lijevanog aluminija. Kompaktna plo\u010da stola. Vrlo lako se \u010disti i dezinficira. Proizvod za javnu i doma\u0107u uporabu.<\/p>\n<p>Dimenzije: visina 73 x \u0161irina 70 cm x dubina 70 cm.<\/p>\n<p>Rok isporuke 20 &#8211; 30 dana.<\/p>\n","protected":false},"excerpt":{"rendered":"<p>Stol za vanjsku i unutarnju upotrebu. Okvir od lakiranog aluminija. Profili 58x25x1,6 mm s karikama od tla\u010dno lijevanog aluminija. Kompaktna plo\u010da stola. Vrlo lako se \u010disti i dezinficira. Proizvod za javnu i doma\u0107u uporabu. Dimenzije: visina 73 x \u0161irina 70 cm x dubina 70 cm. Rok isporuke 20 &#8211; 30 dana.<\/p>\n","protected":false},"featured_media":57684,"template":"","meta":{"_acf_changed":false},"product_brand":[],"product_cat":[282],"product_tag":[],"class_list":{"0":"post-57673","1":"product","2":"type-product","3":"status-publish","4":"has-post-thumbnail","6":"product_cat-vanjski-stolovi","8":"first","9":"instock","10":"taxable","11":"shipping-taxable","12":"purchasable","13":"product-type-simple"},"acf":[],"_links":{"self":[{"href":"https:\/\/adhotelskaoprema.com\/en\/wp-json\/wp\/v2\/product\/57673","targetHints":{"allow":["GET"]}}],"collection":[{"href":"https:\/\/adhotelskaoprema.com\/en\/wp-json\/wp\/v2\/product"}],"about":[{"href":"https:\/\/adhotelskaoprema.com\/en\/wp-json\/wp\/v2\/types\/product"}],"wp:featuredmedia":[{"embeddable":true,"href":"https:\/\/adhotelskaoprema.com\/en\/wp-json\/wp\/v2\/media\/57684"}],"wp:attachment":[{"href":"https:\/\/adhotelskaoprema.com\/en\/wp-json\/wp\/v2\/media?parent=57673"}],"wp:term":[{"taxonomy":"product_brand","embeddable":true,"href":"https:\/\/adhotelskaoprema.com\/en\/wp-json\/wp\/v2\/product_brand?post=57673"},{"taxonomy":"product_cat","embeddable":true,"href":"https:\/\/adhotelskaoprema.com\/en\/wp-json\/wp\/v2\/product_cat?post=57673"},{"taxonomy":"product_tag","embeddable":true,"href":"https:\/\/adhotelskaoprema.com\/en\/wp-json\/wp\/v2\/product_tag?post=57673"}],"curies":[{"name":"wp","href":"https:\/\/api.w.org\/{rel}","templated":true}]}}