{"id":57594,"date":"2024-04-09T13:51:46","date_gmt":"2024-04-09T11:51:46","guid":{"rendered":"https:\/\/adhotelskaoprema.com\/?post_type=product&#038;p=57594"},"modified":"2024-04-09T14:09:56","modified_gmt":"2024-04-09T12:09:56","slug":"zidna-lampa-santa-ap1-mala-prozirna","status":"publish","type":"product","link":"https:\/\/adhotelskaoprema.com\/en\/proizvod\/zidna-lampa-santa-ap1-mala-prozirna\/","title":{"rendered":"Zidna lampa Santa ap1 (mala)- Prozirna"},"content":{"rendered":"<div>Ru\u010dno izra\u0111en luster od prozirnog puhanog stakla.<\/div>\n<div>Kromirani metalni detalji. Zlatni model dostupan s bru\u0161enim staklom.<\/div>\n<div><\/div>\n<div class=\"product-measures\">Dimenzije: Duljina 245 x Visina 220 x \u0160irina 160 mm.<\/div>\n<div><\/div>\n<div>Rok isporuke 15 dana.<\/div>\n","protected":false},"excerpt":{"rendered":"<p>Ru\u010dno izra\u0111en luster od prozirnog puhanog stakla. Kromirani metalni detalji. Zlatni model dostupan s bru\u0161enim staklom. Dimenzije: Duljina 245 x Visina 220 x \u0160irina 160 mm. Rok isporuke 15 dana.<\/p>\n","protected":false},"featured_media":57599,"template":"","meta":{"_acf_changed":false},"product_brand":[],"product_cat":[276],"product_tag":[],"class_list":{"0":"post-57594","1":"product","2":"type-product","3":"status-publish","4":"has-post-thumbnail","6":"product_cat-unutarnja-rasvjeta-zidna","8":"first","9":"instock","10":"sale","11":"taxable","12":"shipping-taxable","13":"purchasable","14":"product-type-simple"},"acf":[],"_links":{"self":[{"href":"https:\/\/adhotelskaoprema.com\/en\/wp-json\/wp\/v2\/product\/57594","targetHints":{"allow":["GET"]}}],"collection":[{"href":"https:\/\/adhotelskaoprema.com\/en\/wp-json\/wp\/v2\/product"}],"about":[{"href":"https:\/\/adhotelskaoprema.com\/en\/wp-json\/wp\/v2\/types\/product"}],"wp:featuredmedia":[{"embeddable":true,"href":"https:\/\/adhotelskaoprema.com\/en\/wp-json\/wp\/v2\/media\/57599"}],"wp:attachment":[{"href":"https:\/\/adhotelskaoprema.com\/en\/wp-json\/wp\/v2\/media?parent=57594"}],"wp:term":[{"taxonomy":"product_brand","embeddable":true,"href":"https:\/\/adhotelskaoprema.com\/en\/wp-json\/wp\/v2\/product_brand?post=57594"},{"taxonomy":"product_cat","embeddable":true,"href":"https:\/\/adhotelskaoprema.com\/en\/wp-json\/wp\/v2\/product_cat?post=57594"},{"taxonomy":"product_tag","embeddable":true,"href":"https:\/\/adhotelskaoprema.com\/en\/wp-json\/wp\/v2\/product_tag?post=57594"}],"curies":[{"name":"wp","href":"https:\/\/api.w.org\/{rel}","templated":true}]}}