{"id":57587,"date":"2024-04-09T13:41:59","date_gmt":"2024-04-09T11:41:59","guid":{"rendered":"https:\/\/adhotelskaoprema.com\/?post_type=product&#038;p=57587"},"modified":"2024-04-09T14:09:57","modified_gmt":"2024-04-09T12:09:57","slug":"zidna-lampa-peter-ap2","status":"publish","type":"product","link":"https:\/\/adhotelskaoprema.com\/en\/proizvod\/zidna-lampa-peter-ap2\/","title":{"rendered":"Zidna lampa Peter ap2"},"content":{"rendered":"<div><span>Ru\u010dno izra\u0111eno tijelo od smole; vjerna kopija rezbarenog drveta. <\/span><\/div>\n<div><span>Sjenilo od PVC folije presvu\u010deno platnom.<\/span><\/div>\n<div><\/div>\n<div class=\"product-measures\"><span>Dimenzije: Duljina 305 x Visina 455 x \u0160irina 100 mm.<\/span><\/div>\n<div><\/div>\n<div>Rok isporuke 15 dana.<\/div>\n","protected":false},"excerpt":{"rendered":"<p>Ru\u010dno izra\u0111eno tijelo od smole; vjerna kopija rezbarenog drveta. Sjenilo od PVC folije presvu\u010deno platnom. Dimenzije: Duljina 305 x Visina 455 x \u0160irina 100 mm. Rok isporuke 15 dana.<\/p>\n","protected":false},"featured_media":57589,"template":"","meta":{"_acf_changed":false},"product_brand":[],"product_cat":[276],"product_tag":[],"class_list":{"0":"post-57587","1":"product","2":"type-product","3":"status-publish","4":"has-post-thumbnail","6":"product_cat-unutarnja-rasvjeta-zidna","8":"first","9":"instock","10":"sale","11":"taxable","12":"shipping-taxable","13":"purchasable","14":"product-type-simple"},"acf":[],"_links":{"self":[{"href":"https:\/\/adhotelskaoprema.com\/en\/wp-json\/wp\/v2\/product\/57587","targetHints":{"allow":["GET"]}}],"collection":[{"href":"https:\/\/adhotelskaoprema.com\/en\/wp-json\/wp\/v2\/product"}],"about":[{"href":"https:\/\/adhotelskaoprema.com\/en\/wp-json\/wp\/v2\/types\/product"}],"wp:featuredmedia":[{"embeddable":true,"href":"https:\/\/adhotelskaoprema.com\/en\/wp-json\/wp\/v2\/media\/57589"}],"wp:attachment":[{"href":"https:\/\/adhotelskaoprema.com\/en\/wp-json\/wp\/v2\/media?parent=57587"}],"wp:term":[{"taxonomy":"product_brand","embeddable":true,"href":"https:\/\/adhotelskaoprema.com\/en\/wp-json\/wp\/v2\/product_brand?post=57587"},{"taxonomy":"product_cat","embeddable":true,"href":"https:\/\/adhotelskaoprema.com\/en\/wp-json\/wp\/v2\/product_cat?post=57587"},{"taxonomy":"product_tag","embeddable":true,"href":"https:\/\/adhotelskaoprema.com\/en\/wp-json\/wp\/v2\/product_tag?post=57587"}],"curies":[{"name":"wp","href":"https:\/\/api.w.org\/{rel}","templated":true}]}}